{"id":88,"date":"2010-03-05T18:04:48","date_gmt":"2010-03-05T17:04:48","guid":{"rendered":"http:\/\/kontesadora.com\/djecji-zbor"},"modified":"2022-04-29T11:00:40","modified_gmt":"2022-04-29T09:00:40","slug":"djecji-zbor","status":"publish","type":"page","link":"https:\/\/kontesadora.hr\/stara\/odjeli\/djecji-zbor","title":{"rendered":"Dje\u010dji zbor"},"content":{"rendered":"<p style=\"text-align: center;\"><img loading=\"lazy\" class=\"aligncenter wp-image-168 size-medium\" title=\"Dje\u010dji zbor\" src=\"https:\/\/kontesadora.hr\/stara\/wp-content\/uploads\/2010\/03\/dj.zbor_800-300x198.jpg\" alt=\"\" width=\"300\" height=\"198\" srcset=\"https:\/\/kontesadora.hr\/stara\/wp-content\/uploads\/2010\/03\/dj.zbor_800-300x198.jpg 300w, https:\/\/kontesadora.hr\/stara\/wp-content\/uploads\/2010\/03\/dj.zbor_800.jpg 800w\" sizes=\"(max-width: 300px) 100vw, 300px\" \/><\/p>\n<p style=\"text-align: justify;\">Dje\u010dji pjeva\u010dki zbor Osnovne glazbene \u0161kole Kontesa Dora osnovan je u o\u017eujku 2008. Voditelj zbora je Luka Pavlekovi\u0107,&nbsp; a korepetitor je Dean Kopri. Zbor poha\u0111a 30-ak u\u010denika skupnog muziciranja.<\/p>\n<p style=\"text-align: justify;\"><strong>02.o\u017eujka 2017. godine<\/strong><\/p>\n<p style=\"text-align: justify;\"><a href=\"http:\/\/kontesadora.hr\/wp-content\/uploads\/2010\/03\/ZBOR-2016.2017-2.jpg\"><img loading=\"lazy\" class=\"alignleft wp-image-6439 size-medium\" src=\"https:\/\/kontesadora.hr\/stara\/wp-content\/uploads\/2010\/03\/ZBOR-2016.2017-2-300x199.jpg\" alt=\"\" width=\"300\" height=\"199\" srcset=\"https:\/\/kontesadora.hr\/stara\/wp-content\/uploads\/2010\/03\/ZBOR-2016.2017-2-300x199.jpg 300w, https:\/\/kontesadora.hr\/stara\/wp-content\/uploads\/2010\/03\/ZBOR-2016.2017-2-768x509.jpg 768w, https:\/\/kontesadora.hr\/stara\/wp-content\/uploads\/2010\/03\/ZBOR-2016.2017-2-1024x678.jpg 1024w\" sizes=\"(max-width: 300px) 100vw, 300px\" \/><\/a><\/p>\n<p>\u017dIVOTOPIS ZBORA&nbsp;&nbsp;&nbsp;&nbsp;&nbsp;&nbsp;<strong>&nbsp;&nbsp;&nbsp;&nbsp;<\/strong><\/p>\n<p>Osnovna glazbena \u0161kola Kontesa Dora iz Na\u0161ica osnovana je 1985. godine, a Dje\u010dji pjeva\u010dki zbor djeluje tek od o\u017eujka 2008. nakon osamostaljivanja od osnovne \u0161kole.<\/p>\n<p>Zbor \u010dine u\u010denici od 3. do 6. razreda glazbene \u0161kole raznih odjela. Prvi dirigent, Andrea Kopri postavila ga je u tri glasa i od tada zbor nastupa i sudjeluje na razli\u010ditim manifestacijama, nastupima i natjecanjima osvojiv\u0161i brojne nagrade. &nbsp;2015. godine zborom po\u010dinje ravnati Luka Pavlekovi\u0107,mag.mus., a korepetitor zbora je Dean Kopri, mag.mus. Zbor je u stalnoj suradnji sa tambura\u0161kim orkestrom glazbene \u0161kole i Tambura\u0161kim dru\u0161tvom Dora Peja\u010devi\u0107.<\/p>\n<p><a href=\"http:\/\/kontesadora.hr\/wp-content\/uploads\/2010\/03\/ZBOR-2016.2017-1.jpg\"><img loading=\"lazy\" class=\"alignleft wp-image-6438 size-medium\" src=\"https:\/\/kontesadora.hr\/stara\/wp-content\/uploads\/2010\/03\/ZBOR-2016.2017-1-300x199.jpg\" alt=\"\" width=\"300\" height=\"199\" srcset=\"https:\/\/kontesadora.hr\/stara\/wp-content\/uploads\/2010\/03\/ZBOR-2016.2017-1-300x199.jpg 300w, https:\/\/kontesadora.hr\/stara\/wp-content\/uploads\/2010\/03\/ZBOR-2016.2017-1-768x509.jpg 768w, https:\/\/kontesadora.hr\/stara\/wp-content\/uploads\/2010\/03\/ZBOR-2016.2017-1-1024x678.jpg 1024w\" sizes=\"(max-width: 300px) 100vw, 300px\" \/><\/a><a href=\"http:\/\/kontesadora.hr\/wp-content\/uploads\/2010\/03\/ZBOR-Luka-Pavlekovi\u0107.jpg\"><img loading=\"lazy\" class=\"alignleft wp-image-6440 size-medium\" src=\"https:\/\/kontesadora.hr\/stara\/wp-content\/uploads\/2010\/03\/ZBOR-Luka-Pavlekovi\u0107-199x300.jpg\" alt=\"\" width=\"199\" height=\"300\" srcset=\"https:\/\/kontesadora.hr\/stara\/wp-content\/uploads\/2010\/03\/ZBOR-Luka-Pavlekovi\u0107-199x300.jpg 199w, https:\/\/kontesadora.hr\/stara\/wp-content\/uploads\/2010\/03\/ZBOR-Luka-Pavlekovi\u0107-768x1160.jpg 768w, https:\/\/kontesadora.hr\/stara\/wp-content\/uploads\/2010\/03\/ZBOR-Luka-Pavlekovi\u0107-678x1024.jpg 678w\" sizes=\"(max-width: 199px) 100vw, 199px\" \/><\/a><\/p>\n<p style=\"text-align: justify;\">&nbsp;<\/p>\n","protected":false},"excerpt":{"rendered":"<p>Dje\u010dji pjeva\u010dki zbor Osnovne glazbene \u0161kole Kontesa Dora osnovan je u o\u017eujku 2008. Voditelj zbora je Luka Pavlekovi\u0107,&nbsp; a korepetitor je Dean Kopri. Zbor poha\u0111a 30-ak u\u010denika skupnog muziciranja. 02.o\u017eujka 2017. godine \u017dIVOTOPIS ZBORA&nbsp;&nbsp;&nbsp;&nbsp;&nbsp;&nbsp;&nbsp;&nbsp;&nbsp;&nbsp; Osnovna glazbena \u0161kola Kontesa Dora iz Na\u0161ica osnovana je 1985. godine, a Dje\u010dji pjeva\u010dki zbor djeluje tek od o\u017eujka 2008. nakon osamostaljivanja od osnovne \u0161kole. Zbor [&hellip;]<\/p>\n","protected":false},"author":254,"featured_media":0,"parent":17,"menu_order":6,"comment_status":"closed","ping_status":"open","template":"","meta":{"ngg_post_thumbnail":0},"_links":{"self":[{"href":"https:\/\/kontesadora.hr\/stara\/wp-json\/wp\/v2\/pages\/88"}],"collection":[{"href":"https:\/\/kontesadora.hr\/stara\/wp-json\/wp\/v2\/pages"}],"about":[{"href":"https:\/\/kontesadora.hr\/stara\/wp-json\/wp\/v2\/types\/page"}],"author":[{"embeddable":true,"href":"https:\/\/kontesadora.hr\/stara\/wp-json\/wp\/v2\/users\/254"}],"replies":[{"embeddable":true,"href":"https:\/\/kontesadora.hr\/stara\/wp-json\/wp\/v2\/comments?post=88"}],"version-history":[{"count":10,"href":"https:\/\/kontesadora.hr\/stara\/wp-json\/wp\/v2\/pages\/88\/revisions"}],"predecessor-version":[{"id":13588,"href":"https:\/\/kontesadora.hr\/stara\/wp-json\/wp\/v2\/pages\/88\/revisions\/13588"}],"up":[{"embeddable":true,"href":"https:\/\/kontesadora.hr\/stara\/wp-json\/wp\/v2\/pages\/17"}],"wp:attachment":[{"href":"https:\/\/kontesadora.hr\/stara\/wp-json\/wp\/v2\/media?parent=88"}],"curies":[{"name":"wp","href":"https:\/\/api.w.org\/{rel}","templated":true}]}}