{"id":4526,"date":"2016-01-22T16:01:02","date_gmt":"2016-01-22T15:01:02","guid":{"rendered":"http:\/\/kontesadora.hr\/?page_id=4526"},"modified":"2022-02-10T11:27:51","modified_gmt":"2022-02-10T10:27:51","slug":"popis-zaposlenika","status":"publish","type":"page","link":"https:\/\/kontesadora.hr\/stara\/odjeli\/popis-zaposlenika","title":{"rendered":"Popis zaposlenika"},"content":{"rendered":"<p style=\"text-align: center;\"><strong>POPIS&nbsp; ZAPOSLENIKA<\/strong><\/p>\n<p>&nbsp;<\/p>\n<p>Na po\u010detku \u0161kolske godine 2021.\/2022. u OG\u0160 Kontesa Dora zaposleno je ukupno 18 radnika i anga\u017eirana 2 vanjska suradnika: <strong>15 u\u010ditelja<\/strong> (od kojih je 13 zaposleno temeljem ugovora o radu, 2 anga\u017eirano temeljem ugovora o djelu) i <strong>4 nenastavnih djelatnika<\/strong> (ravnateljica, tajnik, ra\u010dunovo\u0111a, sprema\u010dica).<\/p>\n<p>&nbsp;<\/p>\n<p>1. Daniel Kopri &#8211; u\u010ditelj tambure<br \/>\n2. Darija Vlajni\u0107 &#8211; u\u010diteljica klavira<br \/>\n3. Kristina Brki\u0107 &#8211; u\u010ditelj solfeggia<br \/>\n4. Ivan Kraja\u010di\u0107 &#8211; u\u010ditelj klarineta i saksofona<br \/>\n5. Dean Kopri &#8211; u\u010ditelj tambure, komorne i voditelj tambura\u0161kog orkestra<br \/>\n6. Sanja Vazdar &#8211; u\u010ditelj klavira i komorne<br \/>\n7. Mario Huj &#8211; u\u010ditelj gitare<br \/>\n8. Luka Pavlekovi\u0107 &#8211; u\u010ditelj tambure i teorije glazbe, voditelj zbora<br \/>\n9. Ivana Novakovi\u0107 &#8211; u\u010ditelj violine<br \/>\n10. Matija Kranj\u010devi\u0107 &#8211; u\u010ditelj trube i eufonija<br \/>\n11. Novica Todi\u0107 &#8211; u\u010ditelj harmonike i komorne<br \/>\n12. Romana Bor\u0161 Ma\u010dak &#8211; u\u010ditelj u glazbenoj igraonici<br \/>\n13. Barbara Bumba &#8211; u\u010ditelj klavira<br \/>\n14. Ivana Sklepi\u0107 &#8211; u\u010ditelj flaute<br \/>\n15. Ivan Juri\u0161i\u0107 &#8211; u\u010ditelj tambure<br \/>\n16. Josipa Bari\u010devi\u0107 &#8211; stru\u010dni suradnik &#8211; pedagog<\/p>\n<p>&nbsp;<\/p>\n<p>17. Marina Kopri &#8211; ravnateljica<br \/>\n18. Martina Sto\u0161i\u0107 &#8211; tajnik<br \/>\n19. Jelena Gali\u0107 &#8211; ra\u010dunovo\u0111a<br \/>\n20. Nada Bo\u0161njakovi\u0107 &#8211; sprema\u010dica<\/p>\n","protected":false},"excerpt":{"rendered":"<p>POPIS&nbsp; ZAPOSLENIKA &nbsp; Na po\u010detku \u0161kolske godine 2021.\/2022. u OG\u0160 Kontesa Dora zaposleno je ukupno 18 radnika i anga\u017eirana 2 vanjska suradnika: 15 u\u010ditelja (od kojih je 13 zaposleno temeljem ugovora o radu, 2 anga\u017eirano temeljem ugovora o djelu) i 4 nenastavnih djelatnika (ravnateljica, tajnik, ra\u010dunovo\u0111a, sprema\u010dica). &nbsp; 1. Daniel Kopri &#8211; u\u010ditelj tambure 2. Darija Vlajni\u0107 &#8211; u\u010diteljica klavira [&hellip;]<\/p>\n","protected":false},"author":254,"featured_media":0,"parent":17,"menu_order":0,"comment_status":"closed","ping_status":"closed","template":"","meta":{"ngg_post_thumbnail":0},"_links":{"self":[{"href":"https:\/\/kontesadora.hr\/stara\/wp-json\/wp\/v2\/pages\/4526"}],"collection":[{"href":"https:\/\/kontesadora.hr\/stara\/wp-json\/wp\/v2\/pages"}],"about":[{"href":"https:\/\/kontesadora.hr\/stara\/wp-json\/wp\/v2\/types\/page"}],"author":[{"embeddable":true,"href":"https:\/\/kontesadora.hr\/stara\/wp-json\/wp\/v2\/users\/254"}],"replies":[{"embeddable":true,"href":"https:\/\/kontesadora.hr\/stara\/wp-json\/wp\/v2\/comments?post=4526"}],"version-history":[{"count":13,"href":"https:\/\/kontesadora.hr\/stara\/wp-json\/wp\/v2\/pages\/4526\/revisions"}],"predecessor-version":[{"id":13335,"href":"https:\/\/kontesadora.hr\/stara\/wp-json\/wp\/v2\/pages\/4526\/revisions\/13335"}],"up":[{"embeddable":true,"href":"https:\/\/kontesadora.hr\/stara\/wp-json\/wp\/v2\/pages\/17"}],"wp:attachment":[{"href":"https:\/\/kontesadora.hr\/stara\/wp-json\/wp\/v2\/media?parent=4526"}],"curies":[{"name":"wp","href":"https:\/\/api.w.org\/{rel}","templated":true}]}}