{"id":439,"date":"2011-02-23T11:03:45","date_gmt":"2011-02-23T10:03:45","guid":{"rendered":"http:\/\/kontesadora.hr\/?page_id=439"},"modified":"2022-04-29T11:11:26","modified_gmt":"2022-04-29T09:11:26","slug":"nasi-cd-i","status":"publish","type":"page","link":"https:\/\/kontesadora.hr\/stara\/odjeli\/tamburaski-orkestar\/nasi-cd-i","title":{"rendered":"Na\u0161i CD-i"},"content":{"rendered":"<p><a href=\"http:\/\/kontesadora.hr\/wp-content\/uploads\/2011\/02\/Razglednica_iz_Nasica_cd_cover_front1.jpg\" target=\"_blank\" rel=\"noopener\"><img loading=\"lazy\" class=\"alignleft wp-image-443 size-thumbnail\" title=\"Razglednica_iz_Nasica_cd_cover_front\" src=\"https:\/\/kontesadora.hr\/stara\/wp-content\/uploads\/2011\/02\/Razglednica_iz_Nasica_cd_cover_front1-150x150.jpg\" alt=\"\" width=\"150\" height=\"150\" srcset=\"https:\/\/kontesadora.hr\/stara\/wp-content\/uploads\/2011\/02\/Razglednica_iz_Nasica_cd_cover_front1-150x150.jpg 150w, https:\/\/kontesadora.hr\/stara\/wp-content\/uploads\/2011\/02\/Razglednica_iz_Nasica_cd_cover_front1-300x299.jpg 300w, https:\/\/kontesadora.hr\/stara\/wp-content\/uploads\/2011\/02\/Razglednica_iz_Nasica_cd_cover_front1.jpg 720w\" sizes=\"(max-width: 150px) 100vw, 150px\" \/><\/a> <a href=\"http:\/\/kontesadora.hr\/wp-content\/uploads\/2011\/02\/Razglednica_iz_Nasica_cd_cover_back1.jpg\" target=\"_blank\" rel=\"noopener\"><img loading=\"lazy\" class=\"alignnone wp-image-444 size-thumbnail\" title=\"Razglednica_iz_Nasica_cd_cover_back\" src=\"https:\/\/kontesadora.hr\/stara\/wp-content\/uploads\/2011\/02\/Razglednica_iz_Nasica_cd_cover_back1-150x150.jpg\" alt=\"\" width=\"150\" height=\"150\"\/><\/a><br \/>\n01 &#8211; <a href=\"http:\/\/kontesadora.hr\/stara\/mp3\/Razglednica_iz_Nasica\/Razglednica_Iz_Nasica_01_Dohvati_crvenu_tresnju.mp3\" target=\"_blank\" rel=\"noopener\">Dohvati crvenu tre\u0161nju<\/a><br \/>\n02 &#8211; <a href=\"http:\/\/kontesadora.hr\/stara\/mp3\/Razglednica_iz_Nasica\/Razglednica_Iz_Nasica_02_Peppi_cardas.mp3\" target=\"_blank\" rel=\"noopener\">Peppi Csardas<\/a><br \/>\n03 &#8211; <a href=\"http:\/\/kontesadora.hr\/stara\/mp3\/Razglednica_iz_Nasica\/Razglednica_Iz_Nasica_03_Razglednica_iz_Nasica.mp3\" target=\"_blank\" rel=\"noopener\">Razglednica iz Na\u0161ica<\/a><br \/>\n04 &#8211; <a href=\"http:\/\/kontesadora.hr\/stara\/mp3\/Razglednica_iz_Nasica\/Razglednica_Iz_Nasica_04_Largo.mp3\" target=\"_blank\" rel=\"noopener\">Largo<\/a><br \/>\n05 &#8211; <a href=\"http:\/\/kontesadora.hr\/stara\/mp3\/Razglednica_iz_Nasica\/Razglednica_Iz_Nasica_05_Slavonski_scherzo.mp3\" target=\"_blank\" rel=\"noopener\">Slavonski scherzo<\/a><br \/>\n06 &#8211; <a href=\"http:\/\/kontesadora.hr\/stara\/mp3\/Razglednica_iz_Nasica\/Razglednica_Iz_Nasica_06_Presjekaca.mp3\" target=\"_blank\" rel=\"noopener\">Presjeka\u010da<\/a><br \/>\n07 &#8211; <a href=\"http:\/\/www.kontesadora.hr\/stara\/mp3\/Razglednica_iz_Nasica\/Razglednica_Iz_Nasica_07_Sokacka_pisma_i_kolo.mp3\" target=\"_blank\" rel=\"noopener\">\u0160oka\u010dka pisma i kolo<\/a><br \/>\n08 &#8211; <a href=\"http:\/\/kontesadora.hr\/stara\/mp3\/Razglednica_iz_Nasica\/Razglednica_Iz_Nasica_08_Koka_snijela_jaje.mp3\" target=\"_blank\" rel=\"noopener\">Koka snijela jaje<\/a><br \/>\n09 &#8211; <a href=\"http:\/\/kontesadora.hr\/stara\/mp3\/Razglednica_iz_Nasica\/Razglednica_Iz_Nasica_09_Conzonetta.mp3\" target=\"_blank\" rel=\"noopener\">Canzonetta<\/a><br \/>\n10 &#8211; <a href=\"http:\/\/kontesadora.hr\/stara\/mp3\/Razglednica_iz_Nasica\/Razglednica_Iz_Nasica_10_Warum.mp3\" target=\"_blank\" rel=\"noopener\">Warum?<\/a><br \/>\n11 &#8211; <a href=\"http:\/\/kontesadora.hr\/stara\/mp3\/Razglednica_iz_Nasica\/Razglednica_Iz_Nasica_11_Romanca.mp3\" target=\"_blank\" rel=\"noopener\">Romanca<\/a><br \/>\n12 &#8211; <a href=\"http:\/\/kontesadora.hr\/stara\/mp3\/Razglednica_iz_Nasica\/Razglednica_Iz_Nasica_12_Nasicka_princeza.mp3\" target=\"_blank\" rel=\"noopener\">Na\u0161i\u010dka princeza<\/a><br \/>\n13 &#8211; <a href=\"http:\/\/kontesadora.hr\/stara\/mp3\/Razglednica_iz_Nasica\/Razglednica_Iz_Nasica_13_Ave_maria.mp3\" target=\"_blank\" rel=\"noopener\">Ave Maria<\/a><br \/>\n14 &#8211; <a href=\"http:\/\/kontesadora.hr\/stara\/mp3\/Razglednica_iz_Nasica\/Razglednica_Iz_Nasica_14_Slon.mp3\" target=\"_blank\" rel=\"noopener\">Slon<\/a><br \/>\n15 &#8211; <a href=\"http:\/\/kontesadora.hr\/mp3\/Razglednica_iz_Nasica\/Razglednica_Iz_Nasica_15_Oj_more_duboko.mp3\" target=\"_blank\" rel=\"noopener\">O, more duboko<\/a><a href=\"http:\/\/kontesadora.hr\/stara\/wp-content\/uploads\/2011\/02\/Razglednica_iz_Nasica_cd_cover_back.jpg\"><br \/>\n<\/a><\/p>\n<p><a href=\"http:\/\/kontesadora.hr\/wp-content\/uploads\/2011\/02\/Impresije_iz_Nasica_cd_cover_front1.jpg\" target=\"_blank\" rel=\"noopener\"><img loading=\"lazy\" class=\"alignnone wp-image-446 size-thumbnail\" title=\"Impresije_iz_Nasica_cd_cover_front\" src=\"https:\/\/kontesadora.hr\/stara\/wp-content\/uploads\/2011\/02\/Impresije_iz_Nasica_cd_cover_front1-150x150.jpg\" alt=\"\" width=\"150\" height=\"150\" srcset=\"https:\/\/kontesadora.hr\/stara\/wp-content\/uploads\/2011\/02\/Impresije_iz_Nasica_cd_cover_front1-150x150.jpg 150w, https:\/\/kontesadora.hr\/stara\/wp-content\/uploads\/2011\/02\/Impresije_iz_Nasica_cd_cover_front1-300x299.jpg 300w, https:\/\/kontesadora.hr\/stara\/wp-content\/uploads\/2011\/02\/Impresije_iz_Nasica_cd_cover_front1.jpg 705w\" sizes=\"(max-width: 150px) 100vw, 150px\" \/><\/a> <a href=\"http:\/\/kontesadora.hr\/wp-content\/uploads\/2011\/02\/Impresije_iz_Nasica_cd_cover_back.jpg\" target=\"_blank\" rel=\"noopener\"><img loading=\"lazy\" class=\"alignnone wp-image-447 size-thumbnail\" title=\"Impresije_iz_Nasica_cd_cover_back\" src=\"https:\/\/kontesadora.hr\/stara\/wp-content\/uploads\/2011\/02\/Impresije_iz_Nasica_cd_cover_back-150x150.jpg\" alt=\"\" width=\"150\" height=\"150\"\/><\/a><\/p>\n<p style=\"text-align: left;\">01 &#8211; <a href=\"http:\/\/kontesadora.hr\/stara\/mp3\/Impresije_iz_Nasica\/Impresije_iz_Nasica_01_Suncane_ravni.mp3\" target=\"_blank\" rel=\"noopener\">Sun\u010dane ravni<\/a><br \/>\n02 &#8211; <a href=\"http:\/\/kontesadora.hr\/stara\/mp3\/Impresije_iz_Nasica\/Impresije_iz_Nasica_02_Zapis_na_brezovoj_kori_Dvije_impresije_iz_Nasica.mp3\" target=\"_blank\" rel=\"noopener\">Zapis na brezovoj kori \/ Dvije impresije iz Na\u0161ica<\/a><br \/>\n03 &#8211; <a href=\"http:\/\/kontesadora.hr\/stara\/mp3\/Impresije_iz_Nasica\/Impresije_iz_Nasica_03_Dorin_mir_u_sjeni_bora.mp3\" target=\"_blank\" rel=\"noopener\">Dorin mir u sjeni bora<\/a><br \/>\n04 &#8211; <a href=\"http:\/\/kontesadora.hr\/stara\/mp3\/Impresije_iz_Nasica\/Impresije_iz_Nasica_04_Dvorac_u_parku.mp3\" target=\"_blank\" rel=\"noopener\">Dvorac u parku<\/a><br \/>\n05 &#8211; <a href=\"http:\/\/kontesadora.hr\/stara\/mp3\/Impresije_iz_Nasica\/Impresije_iz_Nasica_05_Slavonski_scherzo_br_2.mp3\" target=\"_blank\" rel=\"noopener\">Slavonski scherzo br. 2<\/a><br \/>\n06 &#8211; <a href=\"http:\/\/kontesadora.hr\/stara\/mp3\/Impresije_iz_Nasica\/Impresije_iz_Nasica_06_Varijacije.mp3\" target=\"_blank\" rel=\"noopener\">Varijacije<\/a><br \/>\n07 &#8211; <a href=\"http:\/\/kontesadora.hr\/stara\/mp3\/Impresije_iz_Nasica\/Impresije_iz_Nasica_07_Domovini_i_ljubavi.mp3\" target=\"_blank\" rel=\"noopener\">Domovini i ljubavi<\/a><br \/>\n08 &#8211; <a href=\"http:\/\/kontesadora.hr\/stara\/mp3\/Impresije_iz_Nasica\/Impresije_iz_Nasica_08_Kod_bijele_lade.mp3\" target=\"_blank\" rel=\"noopener\">Kod bijele la\u0111e<\/a><br \/>\n09 &#8211; <a href=\"http:\/\/kontesadora.hr\/stara\/mp3\/Impresije_iz_Nasica\/Impresije_iz_Nasica_09_Voljeni_vukovar.mp3\" target=\"_blank\" rel=\"noopener\">Voljeni Vukovar<\/a><br \/>\n10 &#8211; <a href=\"http:\/\/kontesadora.hr\/stara\/mp3\/Impresije_iz_Nasica\/Impresije_iz_Nasica_10_Rajska_djevo_kraljice_Hrvata.mp3\" target=\"_blank\" rel=\"noopener\">Rajska Djevo kraljice Hrvata<\/a><br \/>\n11 &#8211; <a href=\"http:\/\/kontesadora.hr\/stara\/mp3\/Impresije_iz_Nasica\/Impresije_iz_Nasica_11_Zbor_Zidova_iz_opere_Nabucco.mp3\" target=\"_blank\" rel=\"noopener\">Zbor \u017didova iz opere Nabucco<\/a><br \/>\n12 &#8211; <a href=\"http:\/\/kontesadora.hr\/stara\/mp3\/Impresije_iz_Nasica\/Impresije_iz_Nasica_12_Time_to_say_goodby.mp3\" target=\"_blank\" rel=\"noopener\">Time to say goodbye<\/a><br \/>\n13 &#8211; <a href=\"http:\/\/kontesadora.hr\/stara\/mp3\/Impresije_iz_Nasica\/Impresije_iz_Nasica_13_Duet_macaka.mp3\" target=\"_blank\" rel=\"noopener\">Duet ma\u010daka<\/a><br \/>\n14 &#8211; <a href=\"http:\/\/kontesadora.hr\/stara\/mp3\/Impresije_iz_Nasica\/Impresije_iz_Nasica_14_Yesterday.mp3\" target=\"_blank\" rel=\"noopener\">Yesterday<\/a><br \/>\n15 &#8211; <a href=\"http:\/\/kontesadora.hr\/stara\/mp3\/Impresije_iz_Nasica\/Impresije_iz_Nasica_15_Santa_lucia.mp3\" target=\"_blank\" rel=\"noopener\">Santa Lucia<\/a><br \/>\n16 &#8211; <a href=\"http:\/\/kontesadora.hr\/stara\/mp3\/Impresije_iz_Nasica\/Impresije_iz_Nasica_16_The_entertainer.mp3\" target=\"_blank\" rel=\"noopener\">The entertainer<\/a><\/p>\n<p><a href=\"http:\/\/kontesadora.hr\/wp-content\/uploads\/2011\/02\/Nasice_cd_cover_front_and_back.jpg\" target=\"_blank\" rel=\"noopener\"><img loading=\"lazy\" class=\"alignnone wp-image-440 size-medium\" title=\"Nasice_cd_cover_front_and_back\" src=\"https:\/\/kontesadora.hr\/stara\/wp-content\/uploads\/2011\/02\/Nasice_cd_cover_front_and_back-300x148.jpg\" alt=\"\" width=\"300\" height=\"148\" srcset=\"https:\/\/kontesadora.hr\/stara\/wp-content\/uploads\/2011\/02\/Nasice_cd_cover_front_and_back-300x148.jpg 300w, https:\/\/kontesadora.hr\/stara\/wp-content\/uploads\/2011\/02\/Nasice_cd_cover_front_and_back-1024x508.jpg 1024w, https:\/\/kontesadora.hr\/stara\/wp-content\/uploads\/2011\/02\/Nasice_cd_cover_front_and_back.jpg 1410w\" sizes=\"(max-width: 300px) 100vw, 300px\" \/><\/a><\/p>\n<p>01 &#8211; <a href=\"http:\/\/kontesadora.hr\/stara\/mp3\/Nasice\/Nasice_01_Razigrane_zice_(dva_prizora_iz_djecijeg_svijeta).mp3\" target=\"_blank\" rel=\"noopener\">Razigrane \u017eice<\/a><br \/>\n02 &#8211; <a href=\"http:\/\/kontesadora.hr\/stara\/mp3\/Nasice\/Nasice_02_San_malog_brace.mp3\" target=\"_blank\" rel=\"noopener\">San malog brace<\/a><br \/>\n03 &#8211; <a href=\"http:\/\/kontesadora.hr\/stara\/mp3\/Nasice\/Nasice_03_Svanuo_je_novi_dan.mp3\" target=\"_blank\" rel=\"noopener\">Svanuo je novi dan<\/a><br \/>\n04 &#8211; <a href=\"http:\/\/kontesadora.hr\/stara\/mp3\/Nasice\/Nasice_04_Melodija.mp3\" target=\"_blank\" rel=\"noopener\">Melodija<\/a><br \/>\n05 &#8211; <a href=\"http:\/\/kontesadora.hr\/stara\/mp3\/Nasice\/Nasice_05_Slavonka.mp3\" target=\"_blank\" rel=\"noopener\">Slavonka<\/a><br \/>\n06 &#8211; <a href=\"http:\/\/kontesadora.hr\/stara\/mp3\/Nasice\/Nasice_06_Idila_za_dvoje.mp3\" target=\"_blank\" rel=\"noopener\">Idila za dvoje<\/a><br \/>\n07 &#8211; <a href=\"http:\/\/kontesadora.hr\/stara\/mp3\/Nasice\/Nasice_07_Igra_s_loptom.mp3\" target=\"_blank\" rel=\"noopener\">Igra s loptom<\/a><br \/>\n08 &#8211; <a href=\"http:\/\/kontesadora.hr\/stara\/mp3\/Nasice\/Nasice_08_Dok_razmisljam_o_nama.mp3\" target=\"_blank\" rel=\"noopener\">Dok razmi\u0161ljam o nama<\/a><br \/>\n09 &#8211; <a href=\"http:\/\/kontesadora.hr\/stara\/mp3\/Nasice\/Nasice_09_Stop.mp3\" target=\"_blank\" rel=\"noopener\">Stop<\/a><br \/>\n10 &#8211; <a href=\"http:\/\/kontesadora.hr\/stara\/mp3\/Nasice\/Nasice_10_Always_on_my_mind.mp3\" target=\"_blank\" rel=\"noopener\">Always onmy mind<\/a><br \/>\n11 &#8211; <a href=\"http:\/\/kontesadora.hr\/stara\/mp3\/Nasice\/Nasice_11_While_my_guitar_gently_weeps.mp3\" target=\"_blank\" rel=\"noopener\">While my guitar gently weeps<\/a><br \/>\n12 &#8211; <a href=\"http:\/\/kontesadora.hr\/stara\/mp3\/Nasice\/Nasice_12_Tell_him.mp3\" target=\"_blank\" rel=\"noopener\">Tell him<\/a><br \/>\n13 &#8211; <a href=\"http:\/\/kontesadora.hr\/stara\/mp3\/Nasice\/Nasice_13_Prozor_kraj_djardina.mp3\" target=\"_blank\" rel=\"noopener\">Prozor kraj \u0111ardina<\/a><\/p>\n","protected":false},"excerpt":{"rendered":"<p>01 &#8211; Dohvati crvenu tre\u0161nju 02 &#8211; Peppi Csardas 03 &#8211; Razglednica iz Na\u0161ica 04 &#8211; Largo 05 &#8211; Slavonski scherzo 06 &#8211; Presjeka\u010da 07 &#8211; \u0160oka\u010dka pisma i kolo 08 &#8211; Koka snijela jaje 09 &#8211; Canzonetta 10 &#8211; Warum? 11 &#8211; Romanca 12 &#8211; Na\u0161i\u010dka princeza 13 &#8211; Ave Maria 14 &#8211; Slon 15 &#8211; O, more duboko [&hellip;]<\/p>\n","protected":false},"author":254,"featured_media":0,"parent":89,"menu_order":1,"comment_status":"closed","ping_status":"open","template":"","meta":{"ngg_post_thumbnail":0},"_links":{"self":[{"href":"https:\/\/kontesadora.hr\/stara\/wp-json\/wp\/v2\/pages\/439"}],"collection":[{"href":"https:\/\/kontesadora.hr\/stara\/wp-json\/wp\/v2\/pages"}],"about":[{"href":"https:\/\/kontesadora.hr\/stara\/wp-json\/wp\/v2\/types\/page"}],"author":[{"embeddable":true,"href":"https:\/\/kontesadora.hr\/stara\/wp-json\/wp\/v2\/users\/254"}],"replies":[{"embeddable":true,"href":"https:\/\/kontesadora.hr\/stara\/wp-json\/wp\/v2\/comments?post=439"}],"version-history":[{"count":21,"href":"https:\/\/kontesadora.hr\/stara\/wp-json\/wp\/v2\/pages\/439\/revisions"}],"predecessor-version":[{"id":13591,"href":"https:\/\/kontesadora.hr\/stara\/wp-json\/wp\/v2\/pages\/439\/revisions\/13591"}],"up":[{"embeddable":true,"href":"https:\/\/kontesadora.hr\/stara\/wp-json\/wp\/v2\/pages\/89"}],"wp:attachment":[{"href":"https:\/\/kontesadora.hr\/stara\/wp-json\/wp\/v2\/media?parent=439"}],"curies":[{"name":"wp","href":"https:\/\/api.w.org\/{rel}","templated":true}]}}