{"id":433,"date":"2011-02-22T20:54:38","date_gmt":"2011-02-22T19:54:38","guid":{"rendered":"http:\/\/kontesadora.hr\/?page_id=433"},"modified":"2021-10-03T22:53:11","modified_gmt":"2021-10-03T20:53:11","slug":"informacije-za-roditelje","status":"publish","type":"page","link":"https:\/\/kontesadora.hr\/stara\/odjeli\/pedagoska-sluzba\/informacije-za-roditelje","title":{"rendered":"Informacije za roditelje"},"content":{"rendered":"<p><strong>Zakoni i&nbsp; propisi iz podru\u010dja obrazovanja<\/strong><\/p>\n<p>Zbirku propisa iz podru\u010dja obrazovanja mo\u017eete pogledati na:<\/p>\n<p>https:\/\/mzo.gov.hr\/pristup-informacijama\/dokumenti-zakonski-i-podzakonski-akti-2080\/2080<\/p>\n<table>\n<tbody>\n<tr>\n<td width=\"214\">Naziv \u0161kole<\/td>\n<td width=\"433\">Osnovna glazbena \u0161kola Kontesa Dora<\/td>\n<\/tr>\n<tr>\n<td width=\"214\">Adresa<\/td>\n<td width=\"433\">31 500 Na\u0161ice, ul. Dore Peja\u010devi\u0107 2<\/td>\n<\/tr>\n<tr>\n<td width=\"214\">Telefon\/fax<\/td>\n<td width=\"433\">031\/613-574<\/td>\n<\/tr>\n<tr>\n<td width=\"214\">Web stranica<\/td>\n<td width=\"433\"><u><a href=\"http:\/\/www.kontesadora.hr\">www.kontesadora.hr<\/a><\/u><\/td>\n<\/tr>\n<tr>\n<td width=\"214\">E-mail adresa<\/td>\n<td width=\"433\"><u><a href=\"mailto:kontesadora@gmail.com\">kontesadora@gmail.com<\/a><\/u><\/td>\n<\/tr>\n<tr>\n<td width=\"214\">Mati\u010dni broj<\/td>\n<td width=\"433\">2308169<\/td>\n<\/tr>\n<tr>\n<td width=\"214\">OIB&nbsp;&nbsp;&nbsp;<\/td>\n<td width=\"433\">63790869358<\/td>\n<\/tr>\n<tr>\n<td width=\"214\">\u0160ifra \u0161kole<\/td>\n<td width=\"433\">14-050-004<\/td>\n<\/tr>\n<tr>\n<td width=\"214\">\u017dupanija<\/td>\n<td width=\"433\">Osje\u010dko &#8211; baranjska<\/td>\n<\/tr>\n<tr>\n<td width=\"214\">Grad<\/td>\n<td width=\"433\">Na\u0161ice<\/td>\n<\/tr>\n<tr>\n<td width=\"214\">Ravnateljica<\/td>\n<td width=\"433\">Marina Kopri<\/td>\n<\/tr>\n<\/tbody>\n<\/table>\n<p><strong>IV.II. Kalendar nenastavnih i neradnih dana \u0161kolske godine 2021.\/2022.<\/strong><\/p>\n<p>&nbsp;<\/p>\n<table width=\"652\">\n<tbody>\n<tr>\n<td width=\"132\"><strong>Mjesec<\/strong><\/td>\n<td width=\"154\"><strong>Broj nastavnih radnih dana<\/strong><\/td>\n<td width=\"200\"><strong>Nenastavni radni dani<\/strong><\/td>\n<td width=\"165\"><strong>Napomene<\/strong><\/td>\n<td width=\"0\">&nbsp;<\/td>\n<\/tr>\n<tr>\n<td width=\"132\">rujan 2021.<\/td>\n<td width=\"154\"><em>19<\/em><\/td>\n<td width=\"200\"><em>&#8211;<\/em><\/td>\n<td width=\"165\"><em>6. rujna \u2013 po\u010detak nastavne godine<\/em><\/td>\n<td width=\"0\">&nbsp;<\/td>\n<\/tr>\n<tr>\n<td width=\"132\">listopad 2021.<\/td>\n<td width=\"154\"><em>21<\/em><\/td>\n<td width=\"200\"><em>&#8211;<\/em><\/td>\n<td width=\"165\"><em>&nbsp;<\/em><\/td>\n<td width=\"0\">&nbsp;<\/td>\n<\/tr>\n<tr>\n<td rowspan=\"2\" width=\"132\">studeni 2021.<\/td>\n<td rowspan=\"2\" width=\"154\"><em>16<\/em><\/td>\n<td width=\"200\"><em>2. i 3. studenoga <\/em><\/td>\n<td width=\"165\"><em>Jesenski odmor <\/em><\/td>\n<td width=\"0\">&nbsp;<\/td>\n<\/tr>\n<tr>\n<td width=\"200\"><em>&nbsp;4. i 5.studenoga<\/em><\/td>\n<td width=\"165\"><em>Studijsko putovanje<\/em><\/td>\n<td width=\"0\">&nbsp;<\/td>\n<\/tr>\n<tr>\n<td width=\"132\">prosinac 2021.<\/td>\n<td width=\"154\"><em>17<\/em><\/td>\n<td width=\"200\"><em>24. \u2013 31. prosinca<\/em><\/td>\n<td width=\"165\"><em>Zimski odmor (I. dio)<\/em><\/td>\n<td width=\"0\">&nbsp;<\/td>\n<\/tr>\n<tr>\n<td width=\"132\">sije\u010danj 2022.<\/td>\n<td width=\"154\"><em>16<\/em><\/td>\n<td width=\"200\"><em>2.- 7. sije\u010dnja<\/em><\/td>\n<td width=\"165\"><em>Zimski odmor (I. dio)<\/em><\/td>\n<td width=\"0\">&nbsp;<\/td>\n<\/tr>\n<tr>\n<td width=\"132\">velja\u010da 2022.<\/td>\n<td width=\"154\"><em>15<\/em><\/td>\n<td width=\"200\"><em>21. \u2013 25. velja\u010de <\/em><\/td>\n<td width=\"165\"><em>Zimski odmor <\/em><\/p>\n<p><em>(II. dio)&nbsp;&nbsp;&nbsp;&nbsp;&nbsp;&nbsp;&nbsp;&nbsp;&nbsp;&nbsp;&nbsp;&nbsp;&nbsp;&nbsp;&nbsp;&nbsp;&nbsp;&nbsp;&nbsp;&nbsp;&nbsp;&nbsp;&nbsp;&nbsp;&nbsp;&nbsp;&nbsp;&nbsp;&nbsp;&nbsp;&nbsp;&nbsp; <\/em><\/td>\n<td width=\"0\">&nbsp;<\/td>\n<\/tr>\n<tr>\n<td width=\"132\">o\u017eujak 2022.<\/td>\n<td width=\"154\"><em>23<\/em><\/td>\n<td width=\"200\"><em>&#8211;<\/em><\/td>\n<td width=\"165\"><em>&#8211;<\/em><\/td>\n<td width=\"0\">&nbsp;<\/td>\n<\/tr>\n<tr>\n<td width=\"132\">travanj 2022.<\/td>\n<td width=\"154\"><em>14<\/em><\/td>\n<td width=\"200\"><em>14. &#8211; 22. travnja <\/em><\/td>\n<td width=\"165\"><em>Proljetni odmor<\/em><\/td>\n<td width=\"0\">&nbsp;<\/td>\n<\/tr>\n<tr>\n<td width=\"132\">svibanj 2022.<\/td>\n<td width=\"154\"><em>20<\/em><\/td>\n<td width=\"200\"><em>31. svibnja 2021.<\/em><\/td>\n<td width=\"165\"><em>Studijsko putovanje<\/em><\/td>\n<td width=\"0\">&nbsp;<\/td>\n<\/tr>\n<tr>\n<td width=\"132\">&nbsp;<\/td>\n<td width=\"154\"><em>&nbsp;<\/em><\/td>\n<td width=\"200\"><em>23. lipnja <\/em><\/td>\n<td width=\"165\"><em>Ljetni odmor<\/em><\/td>\n<td width=\"0\">&nbsp;<\/td>\n<\/tr>\n<tr>\n<td width=\"132\"><strong>Ukupno<\/strong><\/td>\n<td width=\"154\"><strong><em>175<\/em><\/strong><\/td>\n<td colspan=\"3\" width=\"366\"><strong><em>&nbsp;<\/em><\/strong><\/td>\n<\/tr>\n<\/tbody>\n<\/table>\n<p>&nbsp;<\/p>\n<p><strong>Dr\u017eavni praznici i blagdani:<\/strong><\/p>\n<ol>\n<li>studenoga 2021. \u2013 Svi sveti<\/li>\n<li>studenoga 2021. \u2013 Dan sje\u0107anja na \u017ertve Domovinskog rata i Dan sje\u0107anja na \u017ertvu Vukovara i \u0160kabrnje<\/li>\n<li>prosinca 2021. \u2013 Bo\u017ei\u0107<\/li>\n<li>prosinca 2021. \u2013 Sveti Stjepan<\/li>\n<li>sije\u010dnja 2021. \u2013 Nova Godina<\/li>\n<li>sije\u010dnja 2022. \u2013 Sveta tri kralja<\/li>\n<li>travnja 2022. &#8211; Uskrs<\/li>\n<li>travnja 2022. &#8211; Uskrsni ponedjeljak<\/li>\n<li>svibnja 2022. &#8211; Praznik rada<\/li>\n<li>svibnja 2022. \u2013 Dan dr\u017eavnosti<\/li>\n<li>lipnja 2022. \u2013 Tijelovo<\/li>\n<li>lipnja 2022. \u2013 Dan antifa\u0161isti\u010dke borbe<\/li>\n<li>kolovoza 2022. &#8211; Dan pobjede i domovinske zahvalnosti<\/li>\n<li>kolovoza 2022. &#8211; Velika Gospa<\/li>\n<\/ol>\n","protected":false},"excerpt":{"rendered":"<p>Zakoni i&nbsp; propisi iz podru\u010dja obrazovanja Zbirku propisa iz podru\u010dja obrazovanja mo\u017eete pogledati na: https:\/\/mzo.gov.hr\/pristup-informacijama\/dokumenti-zakonski-i-podzakonski-akti-2080\/2080 Naziv \u0161kole Osnovna glazbena \u0161kola Kontesa Dora Adresa 31 500 Na\u0161ice, ul. Dore Peja\u010devi\u0107 2 Telefon\/fax 031\/613-574 Web stranica www.kontesadora.hr E-mail adresa kontesadora@gmail.com Mati\u010dni broj 2308169 OIB&nbsp;&nbsp;&nbsp; 63790869358 \u0160ifra \u0161kole 14-050-004 \u017dupanija Osje\u010dko &#8211; baranjska Grad Na\u0161ice Ravnateljica Marina Kopri IV.II. Kalendar nenastavnih i neradnih [&hellip;]<\/p>\n","protected":false},"author":254,"featured_media":0,"parent":49,"menu_order":1,"comment_status":"closed","ping_status":"open","template":"","meta":{"ngg_post_thumbnail":0},"_links":{"self":[{"href":"https:\/\/kontesadora.hr\/stara\/wp-json\/wp\/v2\/pages\/433"}],"collection":[{"href":"https:\/\/kontesadora.hr\/stara\/wp-json\/wp\/v2\/pages"}],"about":[{"href":"https:\/\/kontesadora.hr\/stara\/wp-json\/wp\/v2\/types\/page"}],"author":[{"embeddable":true,"href":"https:\/\/kontesadora.hr\/stara\/wp-json\/wp\/v2\/users\/254"}],"replies":[{"embeddable":true,"href":"https:\/\/kontesadora.hr\/stara\/wp-json\/wp\/v2\/comments?post=433"}],"version-history":[{"count":27,"href":"https:\/\/kontesadora.hr\/stara\/wp-json\/wp\/v2\/pages\/433\/revisions"}],"predecessor-version":[{"id":12884,"href":"https:\/\/kontesadora.hr\/stara\/wp-json\/wp\/v2\/pages\/433\/revisions\/12884"}],"up":[{"embeddable":true,"href":"https:\/\/kontesadora.hr\/stara\/wp-json\/wp\/v2\/pages\/49"}],"wp:attachment":[{"href":"https:\/\/kontesadora.hr\/stara\/wp-json\/wp\/v2\/media?parent=433"}],"curies":[{"name":"wp","href":"https:\/\/api.w.org\/{rel}","templated":true}]}}