{"id":2,"date":"2010-01-26T11:40:19","date_gmt":"2010-01-26T10:40:19","guid":{"rendered":"http:\/\/kontesadora.com\/?page_id=2"},"modified":"2022-04-29T11:13:40","modified_gmt":"2022-04-29T09:13:40","slug":"o_skoli","status":"publish","type":"page","link":"https:\/\/kontesadora.hr\/stara\/o_skoli","title":{"rendered":"povijest"},"content":{"rendered":"<p style=\"text-align: justify;\">Osnovna glazbena \u0161kola u Na\u0161icama utemeljena je 1985. godine, kao dio obilje\u017eavanja 100. obljetnice ro\u0111enja prve hrvatske skladateljice Dore Peja\u010devi\u0107. 1985. je ujedno i godina po\u010detka manifestacije Memorijal Dore Peja\u010devi\u0107, jednog od temeljnih kulturnih programa na\u0161i\u010dke sredine.<\/p>\n<p style=\"text-align: justify;\">\u0160kola je po\u010dela raditi s dva odjela \u2013 glasovir i harmonika, a prvi profesor bio je Marijan Slaki\u0107. Godine 1989. otvoren je odjel tambure na kojemu su predava\u010di bili prof. Marina Kopri i prof. Daniel Kopri, koji rade i danas.<\/p>\n<p style=\"text-align: justify;\">Od samih po\u010detaka rada glazbene \u0161kole njezini se profesori aktivno uklju\u010duju u dru\u0161tveni i kulturni \u017eivot Na\u0161ica, te dugo godina djeluju kao voditelji raznih sekcija HKD &#8220;Lisinski&#8221; Na\u0161ice, Gradske glazbe Na\u0161ice te crkvenog zbora.<\/p>\n<p style=\"text-align: justify;\">Od 1993. godine Tambura\u0161ki orkestar Osnovne glazbene \u0161kole sudjeluje na svim zna\u010dajnim natjecanjima i smotrama tambura\u0161ke glazbe u Hrvatskoj. Osvojio je vi\u0161e od 35 najvi\u0161ih priznanja na \u017eupanijskim i dr\u017eavnim natjecanjima, a nagra\u0111ene su i \u010detiri praizvedbe u interpretaciji dirigentice Marine Kopri. Dva je puta orkestar sudjelovao na zavr\u0161nom koncertu nagra\u0111enih u okviru Natjecanja u\u010denika i studenata glazbe i plesa u organizaciji HDGPP-a.<\/p>\n<p style=\"text-align: justify;\">Tambura\u0161ki orkestar Osnovne glazbene \u0161kole snimio je tri nosa\u010da zvuka na kojima nastupa s poznatim hrvatskim glazbenicima. Uz doma\u0107e, na\u0161i\u010dke izvo\u0111a\u010de, solisti\u010dki su nastupali mnogi ugledni hrvatski glazbenici i glazbeni pedagozi \u2013 Kvartet &#8220;Klima&#8221;, Zagreba\u010dki solisti, Josip Klima, Snje\u017eana i Dragan Rucner, Mario Ivelja, Mladen Sedak, Vesna Jai\u0107, Vera Svoboda, Josip Slam, Katja Markoti\u0107, Danijela Pintari\u0107, An\u0111elko Krpan, Lidija Horvat Dunjko, Bo\u017eena Svalina, Josipa Lisac, Goran Karan, Krunoslav Cigoj, Toni Cetinski, Vanna, Jelena Radan, Meritas, Ivana Plechinger i drugi.<\/p>\n<p style=\"text-align: justify;\">Tambura\u0161ki orkestar sudjelovao na tri europska festivala mlade\u017ei u \u0160panjolskoj, \u0160vicarskoj i Norve\u0161koj. Na svojim su gostovanjima \u010dlanovi orkestra proputovali cijelu Europu, a posebno im je draga uspomena na audijenciju kod Svetog Oca Ivana Pavla II. u Vatikanu 1998. godine.<\/p>\n<p style=\"text-align: justify;\">Nakon \u0161to je 2000. godine otvoren odjel puha\u010da, a 2008. novi odjeli violine i gitare u \u0161koli radi 9+4 nastavnika, a u\u010denici se obrazuju na odjelima tambure, harmonike, glasovira, puha\u010dkih instrumenata (klarinet, saksofon, flauta) i po\u010detni\u010dkom solfeggiu. U Osnovnoj glazbenoj \u0161koli rade profesori (abecednim redom): Kristina Brki\u0107, Daniel Kopri, Andrea Kopri, Dolores Ko\u0161\u010dak, Ivan Kraja\u010di\u0107, Rajko Lon\u010dari\u0107, Marijan Slaki\u0107 i Darija Vlajni\u0107. Odjel violine vodi vanjska suradnica Ileana Sucala, prof. koja je uposlena u HNKu Osijek, odjel gitare vodi vanjski suradnik Berislav \u0160timac iz Slavonskog Broda, koji radi i u Po\u017eegi kao profesor gitare, dje\u010dji zbor vodi Andrea Kopri, prof., a korepetitor je Dean Kopri, student Umjetni\u010dke akademije Odjela glazbene pedagogije u Osijeku, dok po\u010detni\u010dki solfeggio vodi profesorica OG\u0160 &#8220;Kontesa Dora&#8221; Romana Bor\u0161-Ma\u010dak iz Beli\u0161\u0107a, stalno zaposlena u glazbenoj \u0161koli Beli Manastir. Kako u ovom trenutku u glazbenu \u0161kolu ide 155 u\u010denika, ljetni dvorac Marka Peja\u010devi\u0107a postaje tijesan za potrebe \u0161kole.<\/p>\n<p style=\"text-align: justify;\">Za promicanje pedago\u0161ke teorije i prakse profesori Marina i Daniel Kopri 1997. godine primili su najugledniju pedago\u0161ku nagradu &#8220;Ivan Filipovi\u0107&#8221;, a 2003. godine prof. Marina Kopri primila je godi\u0161nju nagradu HDGPP-a.<\/p>\n<p style=\"text-align: justify;\">\u0160kola je smje\u0161tena u dvorcu izgra\u0111enom za Dorinog brata Marka grofa Peja\u010devi\u0107a, a okru\u017euje ga zelenilo na\u0161i\u010dkog perivoja u kojem je svoje glazbeno nadahnu\u0107e od najranije mladosti nalazila i skladateljica Dora Peja\u010devi\u0107.<\/p>\n<p style=\"text-align: center;\"><a href=\"http:\/\/kontesadora.hr\/wp-content\/uploads\/2010\/01\/biografija_dore_pejacevic.jpg\"><img loading=\"lazy\" class=\"alignnone wp-image-524 size-thumbnail\" title=\"Biografija Dore Peja\u010devi\u0107\" src=\"https:\/\/kontesadora.hr\/stara\/wp-content\/uploads\/2010\/01\/biografija_dore_pejacevic-150x150.jpg\" alt=\"\" width=\"150\" height=\"150\"\/><\/a> <a href=\"http:\/\/kontesadora.hr\/wp-content\/uploads\/2010\/01\/biografija_dore_pejacevic_MIC.jpg\"><img loading=\"lazy\" class=\"alignnone wp-image-525 size-thumbnail\" title=\"Biografija Dore Peja\u010devi\u0107 - MIC - Hrvatski\" src=\"https:\/\/kontesadora.hr\/stara\/wp-content\/uploads\/2010\/01\/biografija_dore_pejacevic_MIC-150x150.jpg\" alt=\"\" width=\"150\" height=\"150\"\/><\/a> <a href=\"http:\/\/kontesadora.hr\/wp-content\/uploads\/2010\/01\/biografija_dore_pejacevic_MIC_engleski.jpg\"><img loading=\"lazy\" class=\"alignnone wp-image-526 size-thumbnail\" title=\"Biografija Dore Peja\u010devi\u0107 - MIC - Engleski\" src=\"https:\/\/kontesadora.hr\/stara\/wp-content\/uploads\/2010\/01\/biografija_dore_pejacevic_MIC_engleski-150x150.jpg\" alt=\"\" width=\"150\" height=\"150\"\/><\/a> <a href=\"http:\/\/kontesadora.hr\/wp-content\/uploads\/2010\/01\/biografija_dore_pejacevic_MIC_njemacki.jpg\"><img loading=\"lazy\" class=\"alignnone wp-image-527 size-thumbnail\" title=\"Biografija Dore Peja\u010devi\u0107 - MIC - Njema\u010dki\" src=\"https:\/\/kontesadora.hr\/stara\/wp-content\/uploads\/2010\/01\/biografija_dore_pejacevic_MIC_njemacki-150x150.jpg\" alt=\"\" width=\"150\" height=\"150\"\/><\/a><\/p>\n<p style=\"text-align: center;\">Biografije Dore Peja\u010devi\u0107<br \/>\ntekstove za <strong>MIC<\/strong> napisala je <strong>Koraljka Kos<\/strong><\/p>\n<p style=\"text-align: justify;\">Od 1. sije\u010dnja 2008. godine samostalno djeluje Osnovna glazbena \u0161kola &#8220;Kontesa Dora&#8221; u Na\u0161icama. Prva ravnateljica je Marina Kopri, prof.<\/p>\n<p style=\"text-align: center;\"><a href=\"http:\/\/kontesadora.hr\/wp-content\/uploads\/2010\/01\/skolski_odbor_2008_011.jpg\"><img loading=\"lazy\" class=\"aligncenter wp-image-283 size-medium\" title=\"skolski_odbor_2008_01\" src=\"https:\/\/kontesadora.hr\/stara\/wp-content\/uploads\/2010\/01\/skolski_odbor_2008_011-300x202.jpg\" alt=\"\" width=\"300\" height=\"202\" srcset=\"https:\/\/kontesadora.hr\/stara\/wp-content\/uploads\/2010\/01\/skolski_odbor_2008_011-300x202.jpg 300w, https:\/\/kontesadora.hr\/stara\/wp-content\/uploads\/2010\/01\/skolski_odbor_2008_011.jpg 800w\" sizes=\"(max-width: 300px) 100vw, 300px\" \/><\/a><\/p>\n<p style=\"text-align: center;\"><a href=\"http:\/\/kontesadora.hr\/wp-content\/uploads\/2010\/01\/skolski_odbor_2008_02.jpg\"><img loading=\"lazy\" class=\"alignnone wp-image-297 size-medium\" title=\"skolski_odbor_2008_02\" src=\"https:\/\/kontesadora.hr\/stara\/wp-content\/uploads\/2010\/01\/skolski_odbor_2008_02-300x202.jpg\" alt=\"\" width=\"300\" height=\"202\" srcset=\"https:\/\/kontesadora.hr\/stara\/wp-content\/uploads\/2010\/01\/skolski_odbor_2008_02-300x202.jpg 300w, https:\/\/kontesadora.hr\/stara\/wp-content\/uploads\/2010\/01\/skolski_odbor_2008_02.jpg 800w\" sizes=\"(max-width: 300px) 100vw, 300px\" \/><\/a><\/p>\n<p>&nbsp;<\/p>\n<p>Pro\u010ditajte obavezno i ovaj tekst:<\/p>\n<p><a href=\"https:\/\/kontesadora.hr\/stara\/wp-content\/uploads\/2020\/01\/Nastanak-i-razvoj-OG\u0160-Kontesa-Dora-Na\u0161ice-Zavrs\u030cni-rad-Dora-Markus\u030c-2019..pdf\">Nastanak i razvoj OG\u0160 Kontesa Dora, Na\u0161ice -Zavrs\u030cni rad- Dora Markus\u030c, 2019.<\/a><\/p>\n","protected":false},"excerpt":{"rendered":"<p>Osnovna glazbena \u0161kola u Na\u0161icama utemeljena je 1985. godine, kao dio obilje\u017eavanja 100. obljetnice ro\u0111enja prve hrvatske skladateljice Dore Peja\u010devi\u0107. 1985. je ujedno i godina po\u010detka manifestacije Memorijal Dore Peja\u010devi\u0107, jednog od temeljnih kulturnih programa na\u0161i\u010dke sredine. \u0160kola je po\u010dela raditi s dva odjela \u2013 glasovir i harmonika, a prvi profesor bio je Marijan Slaki\u0107. Godine 1989. otvoren je odjel [&hellip;]<\/p>\n","protected":false},"author":1,"featured_media":0,"parent":0,"menu_order":1,"comment_status":"closed","ping_status":"closed","template":"","meta":{"ngg_post_thumbnail":0},"_links":{"self":[{"href":"https:\/\/kontesadora.hr\/stara\/wp-json\/wp\/v2\/pages\/2"}],"collection":[{"href":"https:\/\/kontesadora.hr\/stara\/wp-json\/wp\/v2\/pages"}],"about":[{"href":"https:\/\/kontesadora.hr\/stara\/wp-json\/wp\/v2\/types\/page"}],"author":[{"embeddable":true,"href":"https:\/\/kontesadora.hr\/stara\/wp-json\/wp\/v2\/users\/1"}],"replies":[{"embeddable":true,"href":"https:\/\/kontesadora.hr\/stara\/wp-json\/wp\/v2\/comments?post=2"}],"version-history":[{"count":28,"href":"https:\/\/kontesadora.hr\/stara\/wp-json\/wp\/v2\/pages\/2\/revisions"}],"predecessor-version":[{"id":13593,"href":"https:\/\/kontesadora.hr\/stara\/wp-json\/wp\/v2\/pages\/2\/revisions\/13593"}],"wp:attachment":[{"href":"https:\/\/kontesadora.hr\/stara\/wp-json\/wp\/v2\/media?parent=2"}],"curies":[{"name":"wp","href":"https:\/\/api.w.org\/{rel}","templated":true}]}}