{"id":19,"date":"2010-02-18T08:58:24","date_gmt":"2010-02-18T07:58:24","guid":{"rendered":"http:\/\/kontesadora.com\/?page_id=19"},"modified":"2022-04-29T10:53:26","modified_gmt":"2022-04-29T08:53:26","slug":"natjecanja","status":"publish","type":"page","link":"https:\/\/kontesadora.hr\/stara\/natjecanja","title":{"rendered":"natjecanja"},"content":{"rendered":"<p>Na\u0161i su u\u010denici na natjecanjima u Hrvatskoj, ali i izvan granica na\u0161e zemlje, osvajali brojne nagrade. Popis je toliko duga\u010dak da ga stavljamo <a href=\"http:\/\/www.kontesadora.com\/pdf_dokumenti\/nagrade_i_priznanja.pdf\" target=\"_blank\" rel=\"noopener noreferrer\">ovdje u PDF formatu<\/a> (73,05kb).<\/p>\n<p>popis natjecanja i rezultate mo\u017eete pogledati i odvojeno, po odjelima:<\/p>\n<p><strong>Od 2021.<\/strong><\/p>\n<p><a href=\"https:\/\/kontesadora.hr\/stara\/wp-content\/uploads\/2022\/02\/ODJEL-GLASOVIRA.pdf\">ODJEL GLASOVIRA<\/a><\/p>\n<p><a href=\"https:\/\/kontesadora.hr\/stara\/wp-content\/uploads\/2022\/02\/ODJEL-TAMBURE-komorni-sastav.pdf\">ODJEL TAMBURE &#8211; komorni sastav<\/a><\/p>\n<p><a href=\"https:\/\/kontesadora.hr\/stara\/wp-content\/uploads\/2022\/02\/ODJEL-TAMBURE-TAMBURASKI-ORKESTAR.pdf\">ODJEL TAMBURE- TAMBURA\u0160KI ORKESTAR<\/a><\/p>\n<p><a href=\"https:\/\/kontesadora.hr\/stara\/wp-content\/uploads\/2022\/02\/ODJEL-TAMBURE-SOLO-TAMBURE-UUZ-PRATNJU-GLASOVIRA.pdf\">ODJEL TAMBURE &#8211; SOLO TAMBURE UUZ PRATNJU GLASOVIRA<\/a><\/p>\n<p><a href=\"https:\/\/kontesadora.hr\/stara\/wp-content\/uploads\/2022\/02\/ODJEL-TAMBURE-MFUTG.pdf\">ODJEL TAMBURE -MFUTG<\/a><\/p>\n<p><strong>Arhiva<\/strong><\/p>\n<p><a href=\"https:\/\/kontesadora.hr\/stara\/wp-content\/uploads\/2020\/02\/Odjel-glasovira.pdf\">Odjel glasovira<\/a><\/p>\n<p><a href=\"https:\/\/kontesadora.hr\/stara\/wp-content\/uploads\/2020\/02\/Odjel-tambure-komorni-sastavi.pdf\">Odjel tambure &#8211; komorni sastavi<\/a><\/p>\n<p><a href=\"https:\/\/kontesadora.hr\/stara\/wp-content\/uploads\/2020\/03\/Odjel-tambure-orkestar.pdf\">Odjel tambure &#8211; orkestar<\/a><\/p>\n<p><a href=\"https:\/\/kontesadora.hr\/stara\/wp-content\/uploads\/2020\/02\/Odjel-tambure-solo-tambure.pdf\">Odjel tambure &#8211; solo tambure<\/a><\/p>\n<p><a href=\"https:\/\/kontesadora.hr\/stara\/wp-content\/uploads\/2020\/03\/Puha\u010dki-odjel.pdf\">Puha\u010dki odjel<\/a><\/p>\n<p><a href=\"https:\/\/kontesadora.hr\/stara\/wp-content\/uploads\/2010\/02\/Dje\u010dji-pjeva\u010dki-zbor.pdf\">Dje\u010dji pjeva\u010dki zbor<\/a><\/p>\n<p><a href=\"https:\/\/kontesadora.hr\/stara\/wp-content\/uploads\/2010\/02\/Odjel-violine-1.pdf\">Odjel violine<\/a><\/p>\n<p><a href=\"http:\/\/kontesadora.hr\/stara\/pdf_dokumenti\/odjel_gitare.pdf\" target=\"_blank\" rel=\"noopener noreferrer\">odjel gitare<\/a> (PDF, 50,67 kb)<\/p>\n<p>&nbsp;<\/p>\n<p>&nbsp;<\/p>\n","protected":false},"excerpt":{"rendered":"<p>Na\u0161i su u\u010denici na natjecanjima u Hrvatskoj, ali i izvan granica na\u0161e zemlje, osvajali brojne nagrade. Popis je toliko duga\u010dak da ga stavljamo ovdje u PDF formatu (73,05kb). popis natjecanja i rezultate mo\u017eete pogledati i odvojeno, po odjelima: Od 2021. ODJEL GLASOVIRA ODJEL TAMBURE &#8211; komorni sastav ODJEL TAMBURE- TAMBURA\u0160KI ORKESTAR ODJEL TAMBURE &#8211; SOLO TAMBURE UUZ PRATNJU GLASOVIRA ODJEL [&hellip;]<\/p>\n","protected":false},"author":254,"featured_media":0,"parent":0,"menu_order":3,"comment_status":"closed","ping_status":"open","template":"","meta":{"ngg_post_thumbnail":0},"_links":{"self":[{"href":"https:\/\/kontesadora.hr\/stara\/wp-json\/wp\/v2\/pages\/19"}],"collection":[{"href":"https:\/\/kontesadora.hr\/stara\/wp-json\/wp\/v2\/pages"}],"about":[{"href":"https:\/\/kontesadora.hr\/stara\/wp-json\/wp\/v2\/types\/page"}],"author":[{"embeddable":true,"href":"https:\/\/kontesadora.hr\/stara\/wp-json\/wp\/v2\/users\/254"}],"replies":[{"embeddable":true,"href":"https:\/\/kontesadora.hr\/stara\/wp-json\/wp\/v2\/comments?post=19"}],"version-history":[{"count":64,"href":"https:\/\/kontesadora.hr\/stara\/wp-json\/wp\/v2\/pages\/19\/revisions"}],"predecessor-version":[{"id":13579,"href":"https:\/\/kontesadora.hr\/stara\/wp-json\/wp\/v2\/pages\/19\/revisions\/13579"}],"wp:attachment":[{"href":"https:\/\/kontesadora.hr\/stara\/wp-json\/wp\/v2\/media?parent=19"}],"curies":[{"name":"wp","href":"https:\/\/api.w.org\/{rel}","templated":true}]}}