{"id":143,"date":"2010-03-05T23:01:43","date_gmt":"2010-03-05T22:01:43","guid":{"rendered":"http:\/\/kontesadora.com\/?page_id=143"},"modified":"2021-09-20T11:29:05","modified_gmt":"2021-09-20T09:29:05","slug":"imressum","status":"publish","type":"page","link":"https:\/\/kontesadora.hr\/stara\/imressum","title":{"rendered":"impressum"},"content":{"rendered":"\n\t<div class=\"wpb_gmaps_widget fullscreen-map wpb_content_element span12\">\n\t\t<div class=\"wpb_wrapper\"><div class=\"wpb_map_wrapper\"><div class=\"map-canvas\" style=\"width:100%;height:400px;\" data-address=\"Glazbena \u0161kola Kontesa Dora, Ul. Dore Peja\u010devi\u0107, 31500, Na\u0161ice, Hrvatska\" data-zoom=\"14\" data-maptype=\"roadmap\" data-pinimage=\"\" data-pinlink=\"\"><\/div><\/div>\n\t\t<\/div> \n\t<\/div>  <div class=\"blank_spacer span12 \" style=\"height:20px;\"><\/div>\n <div class=\"row\">\n\t<div class=\"wpb_content_element span9 wpb_text_column pb-margin-bottom\">\n\t\t<div class=\"wpb_wrapper clearfix\">\n\t\t\t\n<div role=\"form\" class=\"wpcf7\" id=\"wpcf7-f7161-o1\" lang=\"hr\" dir=\"ltr\">\n<div class=\"screen-reader-response\"><p role=\"status\" aria-live=\"polite\" aria-atomic=\"true\"><\/p> <ul><\/ul><\/div>\n<form action=\"\/stara\/wp-json\/wp\/v2\/pages\/143#wpcf7-f7161-o1\" method=\"post\" class=\"wpcf7-form init\" novalidate=\"novalidate\" data-status=\"init\">\n<div style=\"display: none;\">\n<input type=\"hidden\" name=\"_wpcf7\" value=\"7161\" \/>\n<input type=\"hidden\" name=\"_wpcf7_version\" value=\"5.5.6\" \/>\n<input type=\"hidden\" name=\"_wpcf7_locale\" value=\"hr\" \/>\n<input type=\"hidden\" name=\"_wpcf7_unit_tag\" value=\"wpcf7-f7161-o1\" \/>\n<input type=\"hidden\" name=\"_wpcf7_container_post\" value=\"0\" \/>\n<input type=\"hidden\" name=\"_wpcf7_posted_data_hash\" value=\"\" \/>\n<\/div>\n<p><label> Your Name (required)<br \/>\n    <span class=\"wpcf7-form-control-wrap your-name\"><input type=\"text\" name=\"your-name\" value=\"\" size=\"40\" class=\"wpcf7-form-control wpcf7-text wpcf7-validates-as-required\" aria-required=\"true\" aria-invalid=\"false\" \/><\/span> <\/label><\/p>\n<p><label> Your Email (required)<br \/>\n    <span class=\"wpcf7-form-control-wrap your-email\"><input type=\"email\" name=\"your-email\" value=\"\" size=\"40\" class=\"wpcf7-form-control wpcf7-text wpcf7-email wpcf7-validates-as-required wpcf7-validates-as-email\" aria-required=\"true\" aria-invalid=\"false\" \/><\/span> <\/label><\/p>\n<p><label> Subject<br \/>\n    <span class=\"wpcf7-form-control-wrap your-subject\"><input type=\"text\" name=\"your-subject\" value=\"\" size=\"40\" class=\"wpcf7-form-control wpcf7-text\" aria-invalid=\"false\" \/><\/span> <\/label><\/p>\n<p><label> Your Message<br \/>\n    <span class=\"wpcf7-form-control-wrap your-message\"><textarea name=\"your-message\" cols=\"40\" rows=\"10\" class=\"wpcf7-form-control wpcf7-textarea\" aria-invalid=\"false\"><\/textarea><\/span> <\/label><\/p>\n<p><input type=\"submit\" value=\"Send\" class=\"wpcf7-form-control has-spinner wpcf7-submit\" \/><\/p>\n<div class=\"wpcf7-response-output\" aria-hidden=\"true\"><\/div><\/form><\/div>\n\n\t\t<\/div> \n\t<\/div>  \n\t<div class=\"wpb_content_element span3 wpb_text_column\">\n\t\t<div class=\"wpb_wrapper clearfix\">\n\t\t\t\n<p>&nbsp;<\/p>\n<h3>\u017delite nas kontaktirati kliknite na gumb ispod i nazovite nas Skypeom.<\/h3>\n<a class=\"sf-button large black rounded \" href=\"#\" target=\"_self\"><span>+385 (0)31 613 574<\/span><\/a>\n<p>&nbsp;<\/p>\n<p>Osnovna glazbena \u0161kola Kontesa Dora<br \/>\nUl. Dore Peja\u010devi\u0107,<br \/>\n31500, Na\u0161ice,<br \/>\nHrvatska<br \/>\nEmail: <a href=\"#\" target=\"_blank\" rel=\"noopener noreferrer\">kontesadora@gmail.com<\/a><\/p>\n<p>&nbsp;<\/p>\n<p>Phone: +385 (0)31 613 574<br \/>\nFax: +385 (0)31 613 574<\/p>\n<p>ZAGREBA\u010cKA BANKA d.d.<\/p>\n<p><strong>HR5323600001502688690<\/strong><br \/>\nOdgovorna osoba: ravnateljica Marina Kopri, prof.<br \/>\nUpisano u registar Trgova\u010dkog suda u Osijeku pod brojem Tt- 07\/1565-4 od 08.11.2007. godine<\/p>\n<p>&nbsp;<\/p>\n\n\t\t<\/div> \n\t<\/div> <\/div>\n <div class=\"blank_spacer span12 \" style=\"height:11px;\"><\/div>\n\n","protected":false},"excerpt":{"rendered":"","protected":false},"author":254,"featured_media":0,"parent":0,"menu_order":6,"comment_status":"closed","ping_status":"open","template":"","meta":{"ngg_post_thumbnail":0},"_links":{"self":[{"href":"https:\/\/kontesadora.hr\/stara\/wp-json\/wp\/v2\/pages\/143"}],"collection":[{"href":"https:\/\/kontesadora.hr\/stara\/wp-json\/wp\/v2\/pages"}],"about":[{"href":"https:\/\/kontesadora.hr\/stara\/wp-json\/wp\/v2\/types\/page"}],"author":[{"embeddable":true,"href":"https:\/\/kontesadora.hr\/stara\/wp-json\/wp\/v2\/users\/254"}],"replies":[{"embeddable":true,"href":"https:\/\/kontesadora.hr\/stara\/wp-json\/wp\/v2\/comments?post=143"}],"version-history":[{"count":15,"href":"https:\/\/kontesadora.hr\/stara\/wp-json\/wp\/v2\/pages\/143\/revisions"}],"predecessor-version":[{"id":12799,"href":"https:\/\/kontesadora.hr\/stara\/wp-json\/wp\/v2\/pages\/143\/revisions\/12799"}],"wp:attachment":[{"href":"https:\/\/kontesadora.hr\/stara\/wp-json\/wp\/v2\/media?parent=143"}],"curies":[{"name":"wp","href":"https:\/\/api.w.org\/{rel}","templated":true}]}}