{"id":12434,"date":"2021-03-15T11:25:51","date_gmt":"2021-03-15T10:25:51","guid":{"rendered":"https:\/\/kontesadora.hr\/?page_id=12434"},"modified":"2022-04-29T10:48:21","modified_gmt":"2022-04-29T08:48:21","slug":"financijsko-poslovanje","status":"publish","type":"page","link":"https:\/\/kontesadora.hr\/stara\/pristup-informacijama\/financijsko-poslovanje","title":{"rendered":"Financijsko poslovanje"},"content":{"rendered":"<p><strong>Financijski planovi i izvje\u0161\u0107a<\/strong><\/p>\n<ul>\n<li><a href=\"https:\/\/kontesadora.hr\/stara\/wp-content\/uploads\/2022\/01\/FINANCIJSKI-IZVJESTAJ-01.01.-31.12.2021..xls\">FINANCIJSKI IZVJE\u0160TAJ 01.01.-31.12.2021.<\/a> &#8211; objavljeno <strong>31.1. 2022.<\/strong><\/li>\n<li><a href=\"https:\/\/kontesadora.hr\/stara\/wp-content\/uploads\/2022\/01\/Biljeske-uz-FI-01.01.-31.12.2021..docx\">Bilje\u0161ke uz FI 01.01.-31.12.2021.<\/a> &#8211; objavljeno <strong>31.1.2022.<\/strong><\/li>\n<li><a href=\"https:\/\/kontesadora.hr\/stara\/wp-content\/uploads\/2021\/12\/PRORACUN-2022-2024.-OS.xlsx\">Financijski plan 2022. &#8211; 2024.<\/a><\/li>\n<li><a href=\"https:\/\/kontesadora.hr\/stara\/wp-content\/uploads\/2022\/02\/PLAN-NABAVE-2022.-KONTESA-DORA.xls\">PLAN-NABAVE-2022. KONTESA DORA<\/a><\/li>\n<li><a href=\"https:\/\/kontesadora.hr\/stara\/wp-content\/uploads\/2021\/12\/OBRAZLOZENJE-FIN.-PLANA-2022.-1.docx\">Obrazlo\u017eenje Financijskog plana 2022. &#8211; 2024.<\/a><\/li>\n<li><a href=\"https:\/\/kontesadora.hr\/stara\/wp-content\/uploads\/2021\/04\/I.-REBALANS-2021..pdf\">Rebalans 2021<\/a><\/li>\n<li><a href=\"https:\/\/kontesadora.hr\/stara\/wp-content\/uploads\/2021\/01\/PRORACUN-2021-2023-SKOLSTVO-2.xlsx\">Prora\u010dun 2021 &#8211; 2023 \u0161kolstvo 2<\/a><\/li>\n<li><a href=\"https:\/\/kontesadora.hr\/stara\/wp-content\/uploads\/2022\/02\/PLAN-NABAVE-2021.-KONTESA-DORA.xls\">PLAN-NABAVE-2021. KONTESA DORA<\/a><\/li>\n<li><a href=\"https:\/\/kontesadora.hr\/stara\/wp-content\/uploads\/2021\/01\/OBRAZLOZENJE-FIN.-PLANA-2021.pdf\">Obrazlo\u017eenje financijskog plana&nbsp; 2021.<\/a><\/li>\n<li><a href=\"https:\/\/kontesadora.hr\/stara\/wp-content\/uploads\/2021\/02\/FI-2020-OGS-KONTESA-DORA.xlsx\">FI 2020 OG\u0160 KONTESA DORA<\/a><\/li>\n<li><a href=\"https:\/\/kontesadora.hr\/stara\/wp-content\/uploads\/2021\/02\/Biljeske-uz-FI-ZA-12-2020-1.docx\">BILJE\u0160KE UZ FI ZA 12 &#8211; 2020. godinu<\/a><\/li>\n<li><a href=\"https:\/\/kontesadora.hr\/stara\/wp-content\/uploads\/2019\/11\/OBRAZLO%C5%BDENJE-FIN.-PLANA-ZA-2020.docx\">OBRAZLO\u017dENJE FIN. PLANA ZA 2020.<\/a><\/li>\n<li><a href=\"https:\/\/kontesadora.hr\/stara\/wp-content\/uploads\/2019\/11\/FINANCIJSKI-PLAN-ZA-2020.-godinu.xls\">FINANCIJSKI PLAN ZA 2020. godinu<\/a><\/li>\n<li><a href=\"https:\/\/kontesadora.hr\/stara\/wp-content\/uploads\/2019\/11\/FINAN-PLAN-OP%C4%86IH-TRO%C5%A0KOVA-2020.pdf\">FINANCIJSKI PLAN OP\u0106IH TRO\u0160KOVA 2020<\/a><\/li>\n<li><a href=\"https:\/\/kontesadora.hr\/stara\/wp-content\/uploads\/2019\/11\/FINAN.-PLAN-STVARNIH-TRO%C5%A0KOVA-2020.pdf\">FINANCIJSKI PLAN STVARNIH TRO\u0160KOVA 2020.<\/a><\/li>\n<li><a href=\"https:\/\/kontesadora.hr\/stara\/wp-content\/uploads\/2019\/11\/FINAN.-PLAN-MATERIJALNIH-I-FINANCIJSKIH-TRO%C5%A0KOVA-2020.pdf\">FINANCIJSKI PLAN MATERIJALNIH I FINANCIJSKIH TRO\u0160KOVA 2020.<\/a><\/li>\n<li><a href=\"https:\/\/kontesadora.hr\/stara\/wp-content\/uploads\/2020\/01\/FI-12-2019.xls\">FI 12-2019<\/a><\/li>\n<li><a href=\"https:\/\/kontesadora.hr\/stara\/wp-content\/uploads\/2020\/01\/Bilje%C5%A1ke-uz-FI-ZA-12-2019..doc\">Bilje\u0161ke uz FI ZA 12-2019<\/a><\/li>\n<li><a href=\"https:\/\/kontesadora.hr\/stara\/wp-content\/uploads\/2019\/01\/OBRAZLO%C5%BDENJE-FIN.-PLANA-2019.docx\">Obrazlo\u017eenje fin. plana 2019.<\/a><\/li>\n<li><a href=\"https:\/\/kontesadora.hr\/stara\/wp-content\/uploads\/2019\/01\/STVARNI-2019.pdf\">Stvarni 2019.<\/a><\/li>\n<li><a href=\"https:\/\/kontesadora.hr\/stara\/wp-content\/uploads\/2019\/01\/OP%C4%86I-2019.pdf\">Op\u0107i 2019.<\/a><\/li>\n<li><a href=\"https:\/\/kontesadora.hr\/stara\/wp-content\/uploads\/2019\/01\/FIN.-PL.-MAT.-I-FIN.-TRO%C5%A0KOVA-ZA-2019..pdf\">FINANCIJSKI PLAN MATERIJALNIH I FINANCIJSKIH TRO\u0160KOVA 2019.<\/a><\/li>\n<\/ul>\n<p><strong>Arhiva financijskih dokumenata<\/strong><\/p>\n<ul>\n<li><a href=\"https:\/\/kontesadora.hr\/stara\/wp-content\/uploads\/2016\/02\/Bilje%C5%A1ke-uz-FI.pdf\">Bilje\u0161ke uz FI<\/a><\/li>\n<li><a href=\"https:\/\/kontesadora.hr\/stara\/wp-content\/uploads\/2016\/02\/Bilje\u0161ke-uz-FI-ZA-2017..doc\" target=\"_self\" rel=\"noopener noreferrer\"><span class=\"title\">Bilje\u0161ke uz FI ZA 2017<\/span><\/a><\/li>\n<li><a href=\"https:\/\/kontesadora.hr\/stara\/wp-content\/uploads\/2019\/02\/Bilje\u0161ke-uz-FI-ZA-2018..doc\" target=\"_self\" rel=\"noopener noreferrer\"><span class=\"title\">Bilje\u0161ke uz FI ZA 2018<\/span><\/a><\/li>\n<li><a href=\"https:\/\/kontesadora.hr\/stara\/wp-content\/uploads\/2019\/02\/FI-2018-63790869358.xls\" target=\"_self\" rel=\"noopener noreferrer\"><span class=\"title\">FI 2018 <\/span><\/a><\/li>\n<li><a href=\"https:\/\/kontesadora.hr\/stara\/wp-content\/uploads\/2016\/02\/FI-za-razdoblje-01.01.2016-31.12.2016.pdf\" target=\"_self\" rel=\"noopener noreferrer\"><span class=\"title\">FI za razdoblje 01.01.2016-31.12.2016<\/span><\/a><\/li>\n<li><a href=\"https:\/\/kontesadora.hr\/stara\/wp-content\/uploads\/2016\/02\/FINANCIJSKI-IZVJE%C5%A0TAJ-01.01.-31.12.2017.xls\">FINANCIJSKI IZVJE\u0160TAJ 01.01.-31.12.2017<\/a><\/li>\n<li><a href=\"https:\/\/kontesadora.hr\/stara\/wp-content\/uploads\/2015\/03\/FINANCIJSKI-IZVJE\u0160TAJ-2014-pdf..pdf\" target=\"_self\" rel=\"noopener noreferrer\"><span class=\"title\">FINANCIJSKI IZVJE\u0160TAJ 2014 pdf<\/span><\/a><\/li>\n<li><a href=\"https:\/\/kontesadora.hr\/stara\/wp-content\/uploads\/2016\/02\/financijski-plan-2014.pdf\">Financijski plan 2014.<\/a><\/li>\n<li><a href=\"https:\/\/kontesadora.hr\/stara\/wp-content\/uploads\/2015\/01\/FINANCIJSKI-PLAN-2015.pdf\">Financijski plan 2015.<\/a><\/li>\n<li><a href=\"https:\/\/kontesadora.hr\/stara\/wp-content\/uploads\/2016\/02\/FINANCIJSKI-PLAN-ZA-2016.-I-OBRAZLO%C5%BDENJE-FIN.-PL..pdf\">Financijski plan 2016. s obrazlo\u017eenjem<\/a><\/li>\n<li><a href=\"https:\/\/kontesadora.hr\/stara\/wp-content\/uploads\/2018\/05\/FINANCIJSKI-PLAN-2017..xls\">Financijski plan 2017.<\/a><\/li>\n<li><a href=\"https:\/\/kontesadora.hr\/stara\/wp-content\/uploads\/2018\/05\/FINANCIJSKI-PLAN-2018.xls\">Financijski plan 2018.<\/a><\/li>\n<li><a href=\"https:\/\/kontesadora.hr\/stara\/wp-content\/uploads\/2016\/02\/GODI%C5%A0NJI-FINANCIJSKI-IZVJE%C5%A0TAJ-2015..pdf\">Godi\u0161nji financijski izvje\u0161taj 2015.<\/a><\/li>\n<li><a href=\"https:\/\/kontesadora.hr\/stara\/wp-content\/uploads\/2018\/05\/OBRAZLO\u017dENJE-FIN.-PLANA-2017.docx\" target=\"_self\" rel=\"noopener noreferrer\"><span class=\"title\">OBRAZLO\u017dENJE FIN. PLANA 2017<\/span><\/a><\/li>\n<li><a href=\"https:\/\/kontesadora.hr\/stara\/wp-content\/uploads\/2018\/05\/OBRAZLO\u017dENJE-FIN.-PLANA-2018.docx\" target=\"_self\" rel=\"noopener noreferrer\"><span class=\"title\">OBRAZLO\u017dENJE FIN. PLANA 2018<\/span><\/a><\/li>\n<li><a href=\"https:\/\/kontesadora.hr\/stara\/wp-content\/uploads\/2019\/01\/OBRAZLO\u017dENJE-FIN.-PLANA-2019.docx\" target=\"_self\" rel=\"noopener noreferrer\"><span class=\"title\">OBRAZLO\u017dENJE FIN. PLANA 2019<\/span><\/a><\/li>\n<li><a href=\"https:\/\/kontesadora.hr\/stara\/wp-content\/uploads\/2019\/02\/Plan-nabave-za-2019..pdf\" target=\"_self\" rel=\"noopener noreferrer\"><span class=\"title\">Plan nabave za 2019.<\/span><\/a><\/li>\n<\/ul>\n","protected":false},"excerpt":{"rendered":"<p>Financijski planovi i izvje\u0161\u0107a FINANCIJSKI IZVJE\u0160TAJ 01.01.-31.12.2021. &#8211; objavljeno 31.1. 2022. Bilje\u0161ke uz FI 01.01.-31.12.2021. &#8211; objavljeno 31.1.2022. Financijski plan 2022. &#8211; 2024. PLAN-NABAVE-2022. KONTESA DORA Obrazlo\u017eenje Financijskog plana 2022. &#8211; 2024. Rebalans 2021 Prora\u010dun 2021 &#8211; 2023 \u0161kolstvo 2 PLAN-NABAVE-2021. KONTESA DORA Obrazlo\u017eenje financijskog plana&nbsp; 2021. FI 2020 OG\u0160 KONTESA DORA BILJE\u0160KE UZ FI ZA 12 &#8211; 2020. godinu [&hellip;]<\/p>\n","protected":false},"author":255,"featured_media":0,"parent":12427,"menu_order":0,"comment_status":"closed","ping_status":"closed","template":"","meta":{"ngg_post_thumbnail":0},"_links":{"self":[{"href":"https:\/\/kontesadora.hr\/stara\/wp-json\/wp\/v2\/pages\/12434"}],"collection":[{"href":"https:\/\/kontesadora.hr\/stara\/wp-json\/wp\/v2\/pages"}],"about":[{"href":"https:\/\/kontesadora.hr\/stara\/wp-json\/wp\/v2\/types\/page"}],"author":[{"embeddable":true,"href":"https:\/\/kontesadora.hr\/stara\/wp-json\/wp\/v2\/users\/255"}],"replies":[{"embeddable":true,"href":"https:\/\/kontesadora.hr\/stara\/wp-json\/wp\/v2\/comments?post=12434"}],"version-history":[{"count":10,"href":"https:\/\/kontesadora.hr\/stara\/wp-json\/wp\/v2\/pages\/12434\/revisions"}],"predecessor-version":[{"id":13577,"href":"https:\/\/kontesadora.hr\/stara\/wp-json\/wp\/v2\/pages\/12434\/revisions\/13577"}],"up":[{"embeddable":true,"href":"https:\/\/kontesadora.hr\/stara\/wp-json\/wp\/v2\/pages\/12427"}],"wp:attachment":[{"href":"https:\/\/kontesadora.hr\/stara\/wp-json\/wp\/v2\/media?parent=12434"}],"curies":[{"name":"wp","href":"https:\/\/api.w.org\/{rel}","templated":true}]}}