{"id":12266,"date":"2020-12-18T15:25:41","date_gmt":"2020-12-18T14:25:41","guid":{"rendered":"https:\/\/kontesadora.hr\/?page_id=12266"},"modified":"2020-12-18T15:30:06","modified_gmt":"2020-12-18T14:30:06","slug":"video","status":"publish","type":"page","link":"https:\/\/kontesadora.hr\/stara\/video","title":{"rendered":"Video"},"content":{"rendered":"<p><iframe loading=\"lazy\" title=\"VESELA IGRA - mladi tambura\u0161i iz OG\u0160 Kontesa Dora\" width=\"1170\" height=\"658\" src=\"https:\/\/www.youtube.com\/embed\/vFkZHVy-TYU?feature=oembed\" frameborder=\"0\" allow=\"accelerometer; autoplay; clipboard-write; encrypted-media; gyroscope; picture-in-picture\" allowfullscreen><\/iframe><\/p>\n<p><iframe loading=\"lazy\" title=\"43. MFUTG Tambura\u0161ki orkestar OG\u0160 Kontesa Dora Na\u0161ice MEMENTO - Dean K. Kopri\" width=\"1170\" height=\"658\" src=\"https:\/\/www.youtube.com\/embed\/s2gR3xrOL2U?feature=oembed\" frameborder=\"0\" allow=\"accelerometer; autoplay; clipboard-write; encrypted-media; gyroscope; picture-in-picture\" allowfullscreen><\/iframe><\/p>\n<p><iframe loading=\"lazy\" title=\"43. MFUTG Tambura\u0161ki orkestar OG\u0160 Kontesa Dora Na\u0161ice \u017dIVJETI LJUBAV - Daniel Kopri\" width=\"1170\" height=\"658\" src=\"https:\/\/www.youtube.com\/embed\/1bbqXNxzgLY?feature=oembed\" frameborder=\"0\" allow=\"accelerometer; autoplay; clipboard-write; encrypted-media; gyroscope; picture-in-picture\" allowfullscreen><\/iframe><\/p>\n<p><iframe loading=\"lazy\" title=\"43. MFUTG Tambura\u0161ki orkestar OG\u0160 Kontesa Dora Na\u0161ice VALCER BR. 2 - Dmitrij \u0160ostakovi\u010d\" width=\"1170\" height=\"658\" src=\"https:\/\/www.youtube.com\/embed\/Dk_Sdxxeavw?feature=oembed\" frameborder=\"0\" allow=\"accelerometer; autoplay; clipboard-write; encrypted-media; gyroscope; picture-in-picture\" allowfullscreen><\/iframe><\/p>\n","protected":false},"excerpt":{"rendered":"","protected":false},"author":254,"featured_media":0,"parent":0,"menu_order":0,"comment_status":"closed","ping_status":"closed","template":"","meta":{"ngg_post_thumbnail":0},"_links":{"self":[{"href":"https:\/\/kontesadora.hr\/stara\/wp-json\/wp\/v2\/pages\/12266"}],"collection":[{"href":"https:\/\/kontesadora.hr\/stara\/wp-json\/wp\/v2\/pages"}],"about":[{"href":"https:\/\/kontesadora.hr\/stara\/wp-json\/wp\/v2\/types\/page"}],"author":[{"embeddable":true,"href":"https:\/\/kontesadora.hr\/stara\/wp-json\/wp\/v2\/users\/254"}],"replies":[{"embeddable":true,"href":"https:\/\/kontesadora.hr\/stara\/wp-json\/wp\/v2\/comments?post=12266"}],"version-history":[{"count":3,"href":"https:\/\/kontesadora.hr\/stara\/wp-json\/wp\/v2\/pages\/12266\/revisions"}],"predecessor-version":[{"id":12270,"href":"https:\/\/kontesadora.hr\/stara\/wp-json\/wp\/v2\/pages\/12266\/revisions\/12270"}],"wp:attachment":[{"href":"https:\/\/kontesadora.hr\/stara\/wp-json\/wp\/v2\/media?parent=12266"}],"curies":[{"name":"wp","href":"https:\/\/api.w.org\/{rel}","templated":true}]}}