{"id":11904,"date":"2020-05-18T11:03:17","date_gmt":"2020-05-18T09:03:17","guid":{"rendered":"https:\/\/kontesadora.hr\/?page_id=11904"},"modified":"2021-05-11T10:28:57","modified_gmt":"2021-05-11T08:28:57","slug":"prijavnica-za-prijamni-ispit-za-upis-u-1-razred","status":"publish","type":"page","link":"https:\/\/kontesadora.hr\/stara\/prijavnica-za-prijamni-ispit-za-upis-u-1-razred","title":{"rendered":"Prijavnica za prijamni ispit za upis u 1. razred OG\u0160 Kontesa Dora u \u0161k. god. 2021.\/2022."},"content":{"rendered":"<h3>Prijavnica za prijamni ispit za upis u 1. razred Osnovne glazbene \u0161kole Kontesa Dora u \u0161kolskoj godini 2021.\/2022.<\/h3>\n<p>Draga djeco, po\u0161tovani roditelji!<\/p>\n<p>Pozivamo Vas da se elektronskim putem prijavite za polaganje prijemnog ispita za upis u 1. razred osnovne glazbene \u0161kole!<\/p>\n<p>Djeca koja \u0107e u \u0161kolskoj godini 2021.\/2022. poha\u0111ati 2., 3. ili 4. razred osnovne \u0161kole mogu pristupiti prijemnom ispitu (testiranje sluha, ritma i glazbenog pam\u0107enja).<\/p>\n<p>Primamo iznimno velik broj u\u010denika na odjel tambure, dok je broj u\u010denika na odjelima klavira, gitare, violine, harmonike, klarineta, flaute, roga, trube, saksofona i eufonija ograni\u010den.<\/p>\n<p>Nakon \u0161to Va\u0161e dijete odabere jedan od ponu\u0111enih instrumenata, ispunite i po\u0161aljite online prijavnicu. Molimo roditelje da u prijavnicu za na to predvi\u0111eno mjesto uklju\u010de i drugi djetetov izbor instrumenta (u slu\u010daju da zbog ograni\u010denog broja u\u010denika na pojedinim odjelima ne budemo u mogu\u0107nosti udovoljiti djetetovoj \u017eelji).<\/p>\n<p>Online prijavnicu mogu\u0107e je ispuniti do 14. lipnja 2021. (uklju\u010duju\u0107i i 14. lipnja 2021.)<\/p>\n<p>Obavijest o terminu prijamnog ispita roditelji \u0107e dobiti telefonski ili putem e-maila 14. i 15. lipnja 2021.<\/p>\n<p>Prijemni ispiti bit \u0107e organizirani 16.i 17. lipnja 2021. godine, u prostoru OG\u0160 Kontesa Dora (Bra\u0107e Radi\u0107a 200, Na\u0161ice), uz pridr\u017eavanje preporu\u010denih mjera Nacionalnog i lokalnog sto\u017eera civilne za\u0161tite.<\/p>\n<p>Ukoliko imate tehni\u010dkih problema prilikom slanja prijavnice, nazovite na 031\/613-574 ili na mobitel 095\/358-0808 i prijavnicu \u0107emo ispuniti umjesto Vas! Iste brojeve mo\u017eete kontaktirati i u slu\u010daju nedoumica ili dodatnih pitanja.<\/p>\n<p><strong>Molimo Vas ispunite sva polja u prijavnici.<\/strong><\/p>\n<div class=\"wpforms-container wpforms-container-full\" id=\"wpforms-11905\"><form id=\"wpforms-form-11905\" class=\"wpforms-validate wpforms-form\" data-formid=\"11905\" method=\"post\" enctype=\"multipart\/form-data\" action=\"\/stara\/wp-json\/wp\/v2\/pages\/11904\" data-token=\"67b2af3cf4d21e54107d1d0b563420af\"><noscript class=\"wpforms-error-noscript\">Please enable JavaScript in your browser to complete this form.<\/noscript><div class=\"wpforms-field-container\"><div id=\"wpforms-11905-field_10-container\" class=\"wpforms-field wpforms-field-select wpforms-field-select-style-classic\" data-field-id=\"10\"><label class=\"wpforms-field-label wpforms-label-hide\" for=\"wpforms-11905-field_10\">Glazbena \u0161kola ispit<\/label><select id=\"wpforms-11905-field_10\" class=\"wpforms-field-medium\" name=\"wpforms[fields][10]\"><option value=\"Prijavnica za polaganje prijemnog ispita\" >Prijavnica za polaganje prijemnog ispita<\/option><\/select><\/div><div id=\"wpforms-11905-field_0-container\" class=\"wpforms-field wpforms-field-name\" data-field-id=\"0\"><label class=\"wpforms-field-label\" for=\"wpforms-11905-field_0\">Podaci o djetetu <span class=\"wpforms-required-label\">*<\/span><\/label><div class=\"wpforms-field-row wpforms-field-medium\"><div class=\"wpforms-field-row-block wpforms-first wpforms-one-half\"><input type=\"text\" id=\"wpforms-11905-field_0\" class=\"wpforms-field-name-first wpforms-field-required\" name=\"wpforms[fields][0][first]\" value=\"Ime\" placeholder=\"Ime\" required><label for=\"wpforms-11905-field_0\" class=\"wpforms-field-sublabel after wpforms-sublabel-hide\">First<\/label><\/div><div class=\"wpforms-field-row-block wpforms-one-half\"><input type=\"text\" id=\"wpforms-11905-field_0-last\" class=\"wpforms-field-name-last wpforms-field-required\" name=\"wpforms[fields][0][last]\" value=\"Prezime\" placeholder=\"Prezime\" required><label for=\"wpforms-11905-field_0-last\" class=\"wpforms-field-sublabel after wpforms-sublabel-hide\">Last<\/label><\/div><\/div><\/div><div id=\"wpforms-11905-field_13-container\" class=\"wpforms-field wpforms-field-text\" data-field-id=\"13\"><label class=\"wpforms-field-label\" for=\"wpforms-11905-field_13\">Datum i mjesto ro\u0111enja <span class=\"wpforms-required-label\">*<\/span><\/label><input type=\"text\" id=\"wpforms-11905-field_13\" class=\"wpforms-field-medium wpforms-field-required\" name=\"wpforms[fields][13]\" placeholder=\"npr. 20.01.2013. Na\u0161ice\" required><\/div><div id=\"wpforms-11905-field_14-container\" class=\"wpforms-field wpforms-field-text\" data-field-id=\"14\"><label class=\"wpforms-field-label\" for=\"wpforms-11905-field_14\">Adresa u\u010denika <span class=\"wpforms-required-label\">*<\/span><\/label><input type=\"text\" id=\"wpforms-11905-field_14\" class=\"wpforms-field-medium wpforms-field-required\" name=\"wpforms[fields][14]\" required><\/div><div id=\"wpforms-11905-field_25-container\" class=\"wpforms-field wpforms-field-text\" data-field-id=\"25\"><label class=\"wpforms-field-label\" for=\"wpforms-11905-field_25\">Dr\u017eava <span class=\"wpforms-required-label\">*<\/span><\/label><input type=\"text\" id=\"wpforms-11905-field_25\" class=\"wpforms-field-medium wpforms-field-required\" name=\"wpforms[fields][25]\" required><\/div><div id=\"wpforms-11905-field_26-container\" class=\"wpforms-field wpforms-field-text\" data-field-id=\"26\"><label class=\"wpforms-field-label\" for=\"wpforms-11905-field_26\">Dr\u017eavljanstvo <span class=\"wpforms-required-label\">*<\/span><\/label><input type=\"text\" id=\"wpforms-11905-field_26\" class=\"wpforms-field-medium wpforms-field-required\" name=\"wpforms[fields][26]\" required><\/div><div id=\"wpforms-11905-field_27-container\" class=\"wpforms-field wpforms-field-text\" data-field-id=\"27\"><label class=\"wpforms-field-label\" for=\"wpforms-11905-field_27\">Nacionalnost<\/label><input type=\"text\" id=\"wpforms-11905-field_27\" class=\"wpforms-field-medium\" name=\"wpforms[fields][27]\" ><\/div><div id=\"wpforms-11905-field_24-container\" class=\"wpforms-field wpforms-field-text\" data-field-id=\"24\"><label class=\"wpforms-field-label\" for=\"wpforms-11905-field_24\">OIB<\/label><input type=\"text\" id=\"wpforms-11905-field_24\" class=\"wpforms-field-medium\" name=\"wpforms[fields][24]\" ><\/div><div id=\"wpforms-11905-field_21-container\" class=\"wpforms-field wpforms-field-text\" data-field-id=\"21\"><label class=\"wpforms-field-label\" for=\"wpforms-11905-field_21\">Kontakt telefon \/ mobitel <span class=\"wpforms-required-label\">*<\/span><\/label><input type=\"text\" id=\"wpforms-11905-field_21\" class=\"wpforms-field-medium wpforms-field-required\" name=\"wpforms[fields][21]\" required><\/div><div id=\"wpforms-11905-field_22-container\" class=\"wpforms-field wpforms-field-checkbox\" data-field-id=\"22\"><label class=\"wpforms-field-label\" for=\"wpforms-11905-field_22\">Koji instrument Va\u0161e dijete \u017eeli svirati?<\/label><ul id=\"wpforms-11905-field_22\"><li class=\"choice-1 depth-1\"><input type=\"checkbox\" id=\"wpforms-11905-field_22_1\" name=\"wpforms[fields][22][]\" value=\"Tambure\"  ><label class=\"wpforms-field-label-inline\" for=\"wpforms-11905-field_22_1\">Tambure<\/label><\/li><li class=\"choice-2 depth-1\"><input type=\"checkbox\" id=\"wpforms-11905-field_22_2\" name=\"wpforms[fields][22][]\" value=\"Klavir\"  ><label class=\"wpforms-field-label-inline\" for=\"wpforms-11905-field_22_2\">Klavir<\/label><\/li><li class=\"choice-3 depth-1\"><input type=\"checkbox\" id=\"wpforms-11905-field_22_3\" name=\"wpforms[fields][22][]\" value=\"Gitara\"  ><label class=\"wpforms-field-label-inline\" for=\"wpforms-11905-field_22_3\">Gitara<\/label><\/li><li class=\"choice-4 depth-1\"><input type=\"checkbox\" id=\"wpforms-11905-field_22_4\" name=\"wpforms[fields][22][]\" value=\"Violine\"  ><label class=\"wpforms-field-label-inline\" for=\"wpforms-11905-field_22_4\">Violine<\/label><\/li><li class=\"choice-5 depth-1\"><input type=\"checkbox\" id=\"wpforms-11905-field_22_5\" name=\"wpforms[fields][22][]\" value=\"Harmonika\"  ><label class=\"wpforms-field-label-inline\" for=\"wpforms-11905-field_22_5\">Harmonika<\/label><\/li><li class=\"choice-6 depth-1\"><input type=\"checkbox\" id=\"wpforms-11905-field_22_6\" name=\"wpforms[fields][22][]\" value=\"Flauta\"  ><label class=\"wpforms-field-label-inline\" for=\"wpforms-11905-field_22_6\">Flauta<\/label><\/li><li class=\"choice-7 depth-1\"><input type=\"checkbox\" id=\"wpforms-11905-field_22_7\" name=\"wpforms[fields][22][]\" value=\"Klarinet\"  ><label class=\"wpforms-field-label-inline\" for=\"wpforms-11905-field_22_7\">Klarinet<\/label><\/li><li class=\"choice-8 depth-1\"><input type=\"checkbox\" id=\"wpforms-11905-field_22_8\" name=\"wpforms[fields][22][]\" value=\"Rog\"  ><label class=\"wpforms-field-label-inline\" for=\"wpforms-11905-field_22_8\">Rog<\/label><\/li><li class=\"choice-9 depth-1\"><input type=\"checkbox\" id=\"wpforms-11905-field_22_9\" name=\"wpforms[fields][22][]\" value=\"Truba\"  ><label class=\"wpforms-field-label-inline\" for=\"wpforms-11905-field_22_9\">Truba<\/label><\/li><li class=\"choice-10 depth-1\"><input type=\"checkbox\" id=\"wpforms-11905-field_22_10\" name=\"wpforms[fields][22][]\" value=\"Eufonija\"  ><label class=\"wpforms-field-label-inline\" for=\"wpforms-11905-field_22_10\">Eufonija<\/label><\/li><li class=\"choice-11 depth-1\"><input type=\"checkbox\" id=\"wpforms-11905-field_22_11\" name=\"wpforms[fields][22][]\" value=\"Saksofon\"  ><label class=\"wpforms-field-label-inline\" for=\"wpforms-11905-field_22_11\">Saksofon<\/label><\/li><\/ul><\/div><div id=\"wpforms-11905-field_23-container\" class=\"wpforms-field wpforms-field-text\" data-field-id=\"23\"><label class=\"wpforms-field-label\" for=\"wpforms-11905-field_23\">Drugi izbor <span class=\"wpforms-required-label\">*<\/span><\/label><input type=\"text\" id=\"wpforms-11905-field_23\" class=\"wpforms-field-medium wpforms-field-required\" name=\"wpforms[fields][23]\" required><div class=\"wpforms-field-description\">Ovdje upi\u0161ite drugi instrument koje bi Va\u0161e dijete \u017eeljelo svirati.<\/div><\/div><div id=\"wpforms-11905-field_15-container\" class=\"wpforms-field wpforms-field-text\" data-field-id=\"15\"><label class=\"wpforms-field-label\" for=\"wpforms-11905-field_15\">Ime redovne osnovne \u0161kole koju dijete poha\u0111a <span class=\"wpforms-required-label\">*<\/span><\/label><input type=\"text\" id=\"wpforms-11905-field_15\" class=\"wpforms-field-medium wpforms-field-required\" name=\"wpforms[fields][15]\" required><div class=\"wpforms-field-description\">npr. Osnovna \u0161kola Dore Peja\u010devi\u0107<\/div><\/div><div id=\"wpforms-11905-field_28-container\" class=\"wpforms-field wpforms-field-text\" data-field-id=\"28\"><label class=\"wpforms-field-label\" for=\"wpforms-11905-field_28\">Razred i razredni odjel koji \u0107e poha\u0111ati u \u0161k. god. 2021.\/2022. <span class=\"wpforms-required-label\">*<\/span><\/label><input type=\"text\" id=\"wpforms-11905-field_28\" class=\"wpforms-field-medium wpforms-field-required\" name=\"wpforms[fields][28]\" required><div class=\"wpforms-field-description\">npr. 3.c.<\/div><\/div><div id=\"wpforms-11905-field_29-container\" class=\"wpforms-field wpforms-field-text\" data-field-id=\"29\"><label class=\"wpforms-field-label\" for=\"wpforms-11905-field_29\">Op\u0107i uspjeh prethodno zavr\u0161enog razreda <span class=\"wpforms-required-label\">*<\/span><\/label><input type=\"text\" id=\"wpforms-11905-field_29\" class=\"wpforms-field-medium wpforms-field-required\" name=\"wpforms[fields][29]\" required><\/div><div id=\"wpforms-11905-field_17-container\" class=\"wpforms-field wpforms-field-name\" data-field-id=\"17\"><label class=\"wpforms-field-label\" for=\"wpforms-11905-field_17\">Ime i prezime oca \/ skrbnika <span class=\"wpforms-required-label\">*<\/span><\/label><div class=\"wpforms-field-row wpforms-field-medium\"><div class=\"wpforms-field-row-block wpforms-first wpforms-one-half\"><input type=\"text\" id=\"wpforms-11905-field_17\" class=\"wpforms-field-name-first wpforms-field-required\" name=\"wpforms[fields][17][first]\" required><label for=\"wpforms-11905-field_17\" class=\"wpforms-field-sublabel after wpforms-sublabel-hide\">First<\/label><\/div><div class=\"wpforms-field-row-block wpforms-one-half\"><input type=\"text\" id=\"wpforms-11905-field_17-last\" class=\"wpforms-field-name-last wpforms-field-required\" name=\"wpforms[fields][17][last]\" required><label for=\"wpforms-11905-field_17-last\" class=\"wpforms-field-sublabel after wpforms-sublabel-hide\">Last<\/label><\/div><\/div><\/div><div id=\"wpforms-11905-field_18-container\" class=\"wpforms-field wpforms-field-name\" data-field-id=\"18\"><label class=\"wpforms-field-label\" for=\"wpforms-11905-field_18\">Ime i prezime majke \/ skrbnice <span class=\"wpforms-required-label\">*<\/span><\/label><div class=\"wpforms-field-row wpforms-field-medium\"><div class=\"wpforms-field-row-block wpforms-first wpforms-one-half\"><input type=\"text\" id=\"wpforms-11905-field_18\" class=\"wpforms-field-name-first wpforms-field-required\" name=\"wpforms[fields][18][first]\" required><label for=\"wpforms-11905-field_18\" class=\"wpforms-field-sublabel after wpforms-sublabel-hide\">First<\/label><\/div><div class=\"wpforms-field-row-block wpforms-one-half\"><input type=\"text\" id=\"wpforms-11905-field_18-last\" class=\"wpforms-field-name-last wpforms-field-required\" name=\"wpforms[fields][18][last]\" required><label for=\"wpforms-11905-field_18-last\" class=\"wpforms-field-sublabel after wpforms-sublabel-hide\">Last<\/label><\/div><\/div><\/div><div id=\"wpforms-11905-field_19-container\" class=\"wpforms-field wpforms-field-email\" data-field-id=\"19\"><label class=\"wpforms-field-label\" for=\"wpforms-11905-field_19\">Email roditelja \/ skrbnika <span class=\"wpforms-required-label\">*<\/span><\/label><input type=\"email\" id=\"wpforms-11905-field_19\" class=\"wpforms-field-medium wpforms-field-required\" name=\"wpforms[fields][19]\" required><\/div><div id=\"wpforms-11905-field_20-container\" class=\"wpforms-field wpforms-field-textarea\" data-field-id=\"20\"><label class=\"wpforms-field-label\" for=\"wpforms-11905-field_20\">Posebne napomene<\/label><textarea id=\"wpforms-11905-field_20\" class=\"wpforms-field-medium\" name=\"wpforms[fields][20]\" ><\/textarea><\/div><\/div><div class=\"wpforms-field wpforms-field-hp\"><label for=\"wpforms-11905-field-hp\" class=\"wpforms-field-label\">Website<\/label><input type=\"text\" name=\"wpforms[hp]\" id=\"wpforms-11905-field-hp\" class=\"wpforms-field-medium\"><\/div><div class=\"wpforms-submit-container\"><input type=\"hidden\" name=\"wpforms[id]\" value=\"11905\"><input type=\"hidden\" name=\"wpforms[author]\" value=\"1\"><button type=\"submit\" name=\"wpforms[submit]\" id=\"wpforms-submit-11905\" class=\"wpforms-submit\" data-alt-text=\"Slanje...\" data-submit-text=\"Po\u0161alji prijavnicu\" aria-live=\"assertive\" value=\"wpforms-submit\">Po\u0161alji prijavnicu<\/button><\/div><\/form><\/div>  <!-- .wpforms-container -->\n<div class=\"printfriendly pf-button  pf-alignleft\"><a href=\"https:\/\/kontesadora.hr\/stara\/prijavnica-za-prijamni-ispit-za-upis-u-1-razred?pfstyle=wp\" rel=\"nofollow\"  title=\"Printer Friendly, PDF & Email\"><img class=\"pf-button-img\" src=\"https:\/\/cdn.printfriendly.com\/buttons\/printfriendly-pdf-button.png\" alt=\"Print Friendly, PDF & Email\" style=\"width: 112px;height: 24px;\"  \/><\/a><\/div>\n","protected":false},"excerpt":{"rendered":"<p>Prijavnica za prijamni ispit za upis u 1. razred Osnovne glazbene \u0161kole Kontesa Dora u \u0161kolskoj godini 2021.\/2022. Draga djeco, po\u0161tovani roditelji! Pozivamo Vas da se elektronskim putem prijavite za polaganje prijemnog ispita za upis u 1. razred osnovne glazbene \u0161kole! Djeca koja \u0107e u \u0161kolskoj godini 2021.\/2022. poha\u0111ati 2., 3. ili 4. razred osnovne \u0161kole mogu pristupiti prijemnom ispitu [&hellip;]<\/p>\n","protected":false},"author":1,"featured_media":0,"parent":0,"menu_order":0,"comment_status":"closed","ping_status":"closed","template":"","meta":{"ngg_post_thumbnail":0},"_links":{"self":[{"href":"https:\/\/kontesadora.hr\/stara\/wp-json\/wp\/v2\/pages\/11904"}],"collection":[{"href":"https:\/\/kontesadora.hr\/stara\/wp-json\/wp\/v2\/pages"}],"about":[{"href":"https:\/\/kontesadora.hr\/stara\/wp-json\/wp\/v2\/types\/page"}],"author":[{"embeddable":true,"href":"https:\/\/kontesadora.hr\/stara\/wp-json\/wp\/v2\/users\/1"}],"replies":[{"embeddable":true,"href":"https:\/\/kontesadora.hr\/stara\/wp-json\/wp\/v2\/comments?post=11904"}],"version-history":[{"count":9,"href":"https:\/\/kontesadora.hr\/stara\/wp-json\/wp\/v2\/pages\/11904\/revisions"}],"predecessor-version":[{"id":12614,"href":"https:\/\/kontesadora.hr\/stara\/wp-json\/wp\/v2\/pages\/11904\/revisions\/12614"}],"wp:attachment":[{"href":"https:\/\/kontesadora.hr\/stara\/wp-json\/wp\/v2\/media?parent=11904"}],"curies":[{"name":"wp","href":"https:\/\/api.w.org\/{rel}","templated":true}]}}