{"id":11901,"date":"2020-05-18T10:10:49","date_gmt":"2020-05-18T08:10:49","guid":{"rendered":"https:\/\/kontesadora.hr\/?page_id=11901"},"modified":"2021-05-10T11:11:45","modified_gmt":"2021-05-10T09:11:45","slug":"prijavnica-za-upis-u-glazbenu-igraonicu","status":"publish","type":"page","link":"https:\/\/kontesadora.hr\/stara\/prijavnica-za-upis-u-glazbenu-igraonicu","title":{"rendered":"Prijavnica za upis u Glazbenu igraonicu OG\u0160 Kontesa Dora u \u0161k. god. 2021.\/2022."},"content":{"rendered":"<h3>Prijavnica za upis u Glazbenu igraonicu Osnovne glazbene \u0161kole Kontesa Dora u \u0161kolskoj godini 2021.\/2022.<\/h3>\n<p>Draga djeco, po\u0161tovani roditelji!<\/p>\n<p>Pozivamo Vas da se elektronskim putem prijavite u Glazbenu igraonicu OG\u0160 Kontesa Dora u \u0161kolskoj godini 2021.\/2022.!<\/p>\n<p>Djeca koja \u0107e u \u0161kolskoj godini 2021.\/2022. poha\u0111ati 1. razred osnovne \u0161kole upisuju se u I. skupinu, a djeca koja \u0107e u osnovnoj \u0161koli poha\u0111ati 2. razred upisuju se u II. skupinu Glazbene igraonice. Program igraonice uklju\u010duje osnove sviranja, pjevanja, slu\u0161anja glazbe, u\u010denja brojalica, plesova, dje\u010djih igara, osnove glazbene pismenosti, razvoj motorike i elemente muzikoterapije.<\/p>\n<p>Djeca se upisuju izravno, bez prijemnog ispita.<\/p>\n<p>Ukoliko imate tehni\u010dkih problema prilikom slanja prijavnice, nazovite 031\/613-574 ili na mobitel 095\/358-0808 i prijavnicu \u0107emo ispuniti umjesto Vas! Iste brojeve mo\u017eete kontaktirati i u slu\u010daju nedoumice ili dodatnih pitanja.<\/p>\n<p><strong>Molimo vas da ispunite sva polja u prijavnici.<\/strong><\/p>\n<div class=\"wpforms-container wpforms-container-full\" id=\"wpforms-11900\"><form id=\"wpforms-form-11900\" class=\"wpforms-validate wpforms-form\" data-formid=\"11900\" method=\"post\" enctype=\"multipart\/form-data\" action=\"\/stara\/wp-json\/wp\/v2\/pages\/11901\" data-token=\"1691c103a3bcd3b38024cda85a6c5dda\"><noscript class=\"wpforms-error-noscript\">Please enable JavaScript in your browser to complete this form.<\/noscript><div class=\"wpforms-field-container\"><div id=\"wpforms-11900-field_10-container\" class=\"wpforms-field wpforms-field-select wpforms-field-select-style-classic\" data-field-id=\"10\"><label class=\"wpforms-field-label wpforms-label-hide\" for=\"wpforms-11900-field_10\">Glazbena igraonica<\/label><select id=\"wpforms-11900-field_10\" class=\"wpforms-field-medium\" name=\"wpforms[fields][10]\"><option value=\"Prijavnica za upis u Glazbenu igraonicu\" >Prijavnica za upis u Glazbenu igraonicu<\/option><\/select><\/div><div id=\"wpforms-11900-field_12-container\" class=\"wpforms-field wpforms-field-select wpforms-field-select-style-classic\" data-field-id=\"12\"><label class=\"wpforms-field-label\" for=\"wpforms-11900-field_12\">Skupina<\/label><select id=\"wpforms-11900-field_12\" class=\"wpforms-field-medium\" name=\"wpforms[fields][12]\"><option value=\"1 skupina (1. razred redovne osnovne \u0161kole)\" >1 skupina (1. razred redovne osnovne \u0161kole)<\/option><option value=\"2 skupina (2. razred redovne osnovne \u0161kole)\" >2 skupina (2. razred redovne osnovne \u0161kole)<\/option><\/select><\/div><div id=\"wpforms-11900-field_0-container\" class=\"wpforms-field wpforms-field-name\" data-field-id=\"0\"><label class=\"wpforms-field-label\" for=\"wpforms-11900-field_0\">Podaci o djetetu <span class=\"wpforms-required-label\">*<\/span><\/label><div class=\"wpforms-field-row wpforms-field-medium\"><div class=\"wpforms-field-row-block wpforms-first wpforms-one-half\"><input type=\"text\" id=\"wpforms-11900-field_0\" class=\"wpforms-field-name-first wpforms-field-required\" name=\"wpforms[fields][0][first]\" value=\"Ime\" placeholder=\"Ime\" required><label for=\"wpforms-11900-field_0\" class=\"wpforms-field-sublabel after wpforms-sublabel-hide\">First<\/label><\/div><div class=\"wpforms-field-row-block wpforms-one-half\"><input type=\"text\" id=\"wpforms-11900-field_0-last\" class=\"wpforms-field-name-last wpforms-field-required\" name=\"wpforms[fields][0][last]\" value=\"Prezime\" placeholder=\"Prezime\" required><label for=\"wpforms-11900-field_0-last\" class=\"wpforms-field-sublabel after wpforms-sublabel-hide\">Last<\/label><\/div><\/div><\/div><div id=\"wpforms-11900-field_13-container\" class=\"wpforms-field wpforms-field-text\" data-field-id=\"13\"><label class=\"wpforms-field-label\" for=\"wpforms-11900-field_13\">Datum i mjesto ro\u0111enja <span class=\"wpforms-required-label\">*<\/span><\/label><input type=\"text\" id=\"wpforms-11900-field_13\" class=\"wpforms-field-medium wpforms-field-required\" name=\"wpforms[fields][13]\" placeholder=\"npr. 20.01.2013. Na\u0161ice\" required><\/div><div id=\"wpforms-11900-field_14-container\" class=\"wpforms-field wpforms-field-text\" data-field-id=\"14\"><label class=\"wpforms-field-label\" for=\"wpforms-11900-field_14\">Adresa u\u010denika <span class=\"wpforms-required-label\">*<\/span><\/label><input type=\"text\" id=\"wpforms-11900-field_14\" class=\"wpforms-field-medium wpforms-field-required\" name=\"wpforms[fields][14]\" required><\/div><div id=\"wpforms-11900-field_15-container\" class=\"wpforms-field wpforms-field-text\" data-field-id=\"15\"><label class=\"wpforms-field-label\" for=\"wpforms-11900-field_15\">Koju redovnu \u0161kolu i razred u\u010denik poha\u0111a u \u0161kolskoj godini 2021\/2022? <span class=\"wpforms-required-label\">*<\/span><\/label><input type=\"text\" id=\"wpforms-11900-field_15\" class=\"wpforms-field-medium wpforms-field-required\" name=\"wpforms[fields][15]\" required><\/div><div id=\"wpforms-11900-field_21-container\" class=\"wpforms-field wpforms-field-text\" data-field-id=\"21\"><label class=\"wpforms-field-label\" for=\"wpforms-11900-field_21\">Kontakt telefon \/ mobitel <span class=\"wpforms-required-label\">*<\/span><\/label><input type=\"text\" id=\"wpforms-11900-field_21\" class=\"wpforms-field-medium wpforms-field-required\" name=\"wpforms[fields][21]\" required><\/div><div id=\"wpforms-11900-field_17-container\" class=\"wpforms-field wpforms-field-name\" data-field-id=\"17\"><label class=\"wpforms-field-label\" for=\"wpforms-11900-field_17\">Ime i prezime oca \/ skrbnika <span class=\"wpforms-required-label\">*<\/span><\/label><div class=\"wpforms-field-row wpforms-field-medium\"><div class=\"wpforms-field-row-block wpforms-first wpforms-one-half\"><input type=\"text\" id=\"wpforms-11900-field_17\" class=\"wpforms-field-name-first wpforms-field-required\" name=\"wpforms[fields][17][first]\" required><label for=\"wpforms-11900-field_17\" class=\"wpforms-field-sublabel after wpforms-sublabel-hide\">First<\/label><\/div><div class=\"wpforms-field-row-block wpforms-one-half\"><input type=\"text\" id=\"wpforms-11900-field_17-last\" class=\"wpforms-field-name-last wpforms-field-required\" name=\"wpforms[fields][17][last]\" required><label for=\"wpforms-11900-field_17-last\" class=\"wpforms-field-sublabel after wpforms-sublabel-hide\">Last<\/label><\/div><\/div><\/div><div id=\"wpforms-11900-field_18-container\" class=\"wpforms-field wpforms-field-name\" data-field-id=\"18\"><label class=\"wpforms-field-label\" for=\"wpforms-11900-field_18\">Ime i prezime majke \/ skrbnice <span class=\"wpforms-required-label\">*<\/span><\/label><div class=\"wpforms-field-row wpforms-field-medium\"><div class=\"wpforms-field-row-block wpforms-first wpforms-one-half\"><input type=\"text\" id=\"wpforms-11900-field_18\" class=\"wpforms-field-name-first wpforms-field-required\" name=\"wpforms[fields][18][first]\" required><label for=\"wpforms-11900-field_18\" class=\"wpforms-field-sublabel after wpforms-sublabel-hide\">First<\/label><\/div><div class=\"wpforms-field-row-block wpforms-one-half\"><input type=\"text\" id=\"wpforms-11900-field_18-last\" class=\"wpforms-field-name-last wpforms-field-required\" name=\"wpforms[fields][18][last]\" required><label for=\"wpforms-11900-field_18-last\" class=\"wpforms-field-sublabel after wpforms-sublabel-hide\">Last<\/label><\/div><\/div><\/div><div id=\"wpforms-11900-field_19-container\" class=\"wpforms-field wpforms-field-email\" data-field-id=\"19\"><label class=\"wpforms-field-label\" for=\"wpforms-11900-field_19\">Email roditelja \/ skrbnika <span class=\"wpforms-required-label\">*<\/span><\/label><input type=\"email\" id=\"wpforms-11900-field_19\" class=\"wpforms-field-medium wpforms-field-required\" name=\"wpforms[fields][19]\" required><\/div><div id=\"wpforms-11900-field_20-container\" class=\"wpforms-field wpforms-field-textarea\" data-field-id=\"20\"><label class=\"wpforms-field-label\" for=\"wpforms-11900-field_20\">Posebne napomene<\/label><textarea id=\"wpforms-11900-field_20\" class=\"wpforms-field-medium\" name=\"wpforms[fields][20]\" ><\/textarea><\/div><\/div><div class=\"wpforms-field wpforms-field-hp\"><label for=\"wpforms-11900-field-hp\" class=\"wpforms-field-label\">Comment<\/label><input type=\"text\" name=\"wpforms[hp]\" id=\"wpforms-11900-field-hp\" class=\"wpforms-field-medium\"><\/div><div class=\"wpforms-submit-container\"><input type=\"hidden\" name=\"wpforms[id]\" value=\"11900\"><input type=\"hidden\" name=\"wpforms[author]\" value=\"1\"><button type=\"submit\" name=\"wpforms[submit]\" id=\"wpforms-submit-11900\" class=\"wpforms-submit\" data-alt-text=\"Slanje...\" data-submit-text=\"Po\u0161alji prijavnicu\" aria-live=\"assertive\" value=\"wpforms-submit\">Po\u0161alji prijavnicu<\/button><\/div><\/form><\/div>  <!-- .wpforms-container -->\n<div class=\"printfriendly pf-button  pf-alignleft\"><a href=\"https:\/\/kontesadora.hr\/stara\/prijavnica-za-upis-u-glazbenu-igraonicu?pfstyle=wp\" rel=\"nofollow\"  title=\"Printer Friendly, PDF & Email\"><img class=\"pf-button-img\" src=\"https:\/\/cdn.printfriendly.com\/buttons\/printfriendly-pdf-button.png\" alt=\"Print Friendly, PDF & Email\" style=\"width: 112px;height: 24px;\"  \/><\/a><\/div>\n","protected":false},"excerpt":{"rendered":"<p>Prijavnica za upis u Glazbenu igraonicu Osnovne glazbene \u0161kole Kontesa Dora u \u0161kolskoj godini 2021.\/2022. Draga djeco, po\u0161tovani roditelji! Pozivamo Vas da se elektronskim putem prijavite u Glazbenu igraonicu OG\u0160 Kontesa Dora u \u0161kolskoj godini 2021.\/2022.! Djeca koja \u0107e u \u0161kolskoj godini 2021.\/2022. poha\u0111ati 1. razred osnovne \u0161kole upisuju se u I. skupinu, a djeca koja \u0107e u osnovnoj \u0161koli [&hellip;]<\/p>\n","protected":false},"author":1,"featured_media":0,"parent":0,"menu_order":0,"comment_status":"closed","ping_status":"closed","template":"","meta":{"ngg_post_thumbnail":0},"_links":{"self":[{"href":"https:\/\/kontesadora.hr\/stara\/wp-json\/wp\/v2\/pages\/11901"}],"collection":[{"href":"https:\/\/kontesadora.hr\/stara\/wp-json\/wp\/v2\/pages"}],"about":[{"href":"https:\/\/kontesadora.hr\/stara\/wp-json\/wp\/v2\/types\/page"}],"author":[{"embeddable":true,"href":"https:\/\/kontesadora.hr\/stara\/wp-json\/wp\/v2\/users\/1"}],"replies":[{"embeddable":true,"href":"https:\/\/kontesadora.hr\/stara\/wp-json\/wp\/v2\/comments?post=11901"}],"version-history":[{"count":7,"href":"https:\/\/kontesadora.hr\/stara\/wp-json\/wp\/v2\/pages\/11901\/revisions"}],"predecessor-version":[{"id":12613,"href":"https:\/\/kontesadora.hr\/stara\/wp-json\/wp\/v2\/pages\/11901\/revisions\/12613"}],"wp:attachment":[{"href":"https:\/\/kontesadora.hr\/stara\/wp-json\/wp\/v2\/media?parent=11901"}],"curies":[{"name":"wp","href":"https:\/\/api.w.org\/{rel}","templated":true}]}}